{"id":938,"date":"2021-10-29T13:53:18","date_gmt":"2021-10-29T13:53:18","guid":{"rendered":"http:\/\/www.archeovirtual.it\/?page_id=938"},"modified":"2021-11-14T17:36:34","modified_gmt":"2021-11-14T17:36:34","slug":"leonardo-cibernetico","status":"publish","type":"page","link":"http:\/\/www.archeovirtual.it\/index.php\/exhibition\/leonardo-cibernetico\/","title":{"rendered":"LEONARDO CIBERNETICO"},"content":{"rendered":"<p style=\"text-align: justify;\"><span style=\"font-family: verdana, geneva, sans-serif; font-size: 12pt;\"><b><img loading=\"lazy\" decoding=\"async\" class=\"wp-image-1127 alignleft\" style=\"text-align: justify;\" src=\"http:\/\/www.archeovirtual.it\/wp-content\/uploads\/2021\/11\/picture.jpeg\" alt=\"\" width=\"62\" height=\"62\" srcset=\"http:\/\/www.archeovirtual.it\/wp-content\/uploads\/2021\/11\/picture.jpeg 200w, http:\/\/www.archeovirtual.it\/wp-content\/uploads\/2021\/11\/picture-150x150.jpeg 150w\" sizes=\"auto, (max-width: 62px) 100vw, 62px\" \/>LEONARDO CIBERNETICO<br \/>\nNo Real Interactive, Torino<\/b><\/span><\/p>\n<p style=\"text-align: justify;\"><span style=\"font-family: verdana, geneva, sans-serif; font-size: 12pt;\"><i><span style=\"font-weight: 400;\">Com&#8217;\u00e8 possibile inventare una nuova forma di comunicazione con il pubblico dei musei, soprattutto a seguito della Pandemia? Ecco l&#8217;avatar in 3D, a grandezza naturale, di Leonardo da Vinci che dialoga con il pubblico grazie ad un motore conversazionale addestrato con algoritmi di Intelligenza Artificiale. Nulla da toccare, alza la mano per parlargli e ascolta quel che ti dir\u00e0 <\/span><\/i><span style=\"font-weight: 400;\">Leonardo Cibernetico<\/span><i><span style=\"font-weight: 400;\">!<\/span><\/i><\/span><\/p>\n<p style=\"text-align: justify;\"><span style=\"font-family: verdana, geneva, sans-serif; font-size: 12pt;\"><i><span style=\"font-weight: 400;\">Il modello 3D del genio di Leonardo \u00e8 stato riprodotto in scala naturale 1:1 sulla base dell&#8217;iconografia e della statuaria disponibile, cercando di interpretare l&#8217;aspetto e l&#8217;abbigliamento di un uomo di circa 60 anni vissuto nel XV secolo d.C. Allo stesso modo si sono costruite le espressioni facciali e l&#8217;atteggiamento corporeo, realizzando circa 25 animazioni che riproducono pi\u00f9 di 1000 situazioni gestuali possibili. <\/span><\/i><span style=\"font-weight: 400;\">Leonardo Cibernetico<\/span><i><span style=\"font-weight: 400;\"> pu\u00f2 dialogare in ogni lingua del mondo. Con l&#8217;ausilio delle voci sintetiche, non vi sono limiti alle risposte possibili poich\u00e9 sono generate in tempo reale dal motore conversazionale. Usando invece file audio, il dialogo \u00e8 limitato ad argomenti specifici, ma la voce risulter\u00e0 sicuramente pi\u00f9\u2026. umana!<\/span><\/i><\/span><\/p>\n<p style=\"text-align: justify;\"><span style=\"font-family: verdana, geneva, sans-serif; font-size: 12pt;\"><i><span style=\"font-weight: 400;\">Buona chiacchierata!<\/span><\/i><\/span><\/p>\n<p><img loading=\"lazy\" decoding=\"async\" class=\"aligncenter size-large wp-image-1025\" src=\"http:\/\/www.archeovirtual.it\/wp-content\/uploads\/2021\/11\/LEONARDO-1-1024x768.jpg\" alt=\"\" width=\"760\" height=\"570\" srcset=\"http:\/\/www.archeovirtual.it\/wp-content\/uploads\/2021\/11\/LEONARDO-1-1024x768.jpg 1024w, http:\/\/www.archeovirtual.it\/wp-content\/uploads\/2021\/11\/LEONARDO-1-300x225.jpg 300w, http:\/\/www.archeovirtual.it\/wp-content\/uploads\/2021\/11\/LEONARDO-1-768x576.jpg 768w, http:\/\/www.archeovirtual.it\/wp-content\/uploads\/2021\/11\/LEONARDO-1-940x705.jpg 940w, http:\/\/www.archeovirtual.it\/wp-content\/uploads\/2021\/11\/LEONARDO-1-533x400.jpg 533w, http:\/\/www.archeovirtual.it\/wp-content\/uploads\/2021\/11\/LEONARDO-1.jpg 1500w\" sizes=\"auto, (max-width: 760px) 100vw, 760px\" \/><\/p>\n<p style=\"text-align: justify;\"><span style=\"font-size: 12pt; font-family: verdana, geneva, sans-serif;\"><i><span style=\"font-weight: 400;\">Come funziona<\/span><\/i><span style=\"font-weight: 400;\"> Leonardo Cibernetico?<\/span><\/span><\/p>\n<p style=\"text-align: justify;\"><span style=\"font-size: 12pt; font-family: verdana, geneva, sans-serif;\"><i><span style=\"font-weight: 400;\">Il software gestisce in tempo reale sia il personaggio in 3D di Leonardo che il suo atteggiamento e le espressioni facciali. Non \u00e8 un filmato ma un rendering in real-time!<\/span><\/i><\/span><\/p>\n<p style=\"text-align: justify;\"><span style=\"font-size: 12pt; font-family: verdana, geneva, sans-serif;\"><i><span style=\"font-weight: 400;\">Quando l&#8217;utente chiede la parola e pone una domanda, Leonardo si mette in ascolto e grazie ai processi di Intelligenza Artificiale (AI), tenta di comprenderne il senso. In caso positivo cercher\u00e0 la risposta pi\u00f9 adeguata e Leonardo inizier\u00e0 a parlare ed a muoversi andando a scegliere le gestualit\u00e0 pi\u00f9 consoni per quell&#8217;argomento. Non sempre ci riesce, poich\u00e9 ad oggi il motore conversazionale \u00e8 stato addestrato solo per un primo livello di AI e solo per comprendere argomenti specifici della vita di Leonardo da Vinci; in questo caso Leonardo chieder\u00e0 di ripetere la domanda, continuando il dialogo. In fondo \u00e8 esattamente come accade quando si parla con qualcuno: ascolti, capisci, elabori una risposta e poi la esponi accompagnandola con gesti ed espressioni.<\/span><\/i><\/span><\/p>\n<p style=\"text-align: justify;\"><span style=\"font-family: verdana, geneva, sans-serif; font-size: 12pt;\"><span style=\"font-weight: 400;\"><img loading=\"lazy\" decoding=\"async\" class=\"wp-image-1026 alignleft\" src=\"http:\/\/www.archeovirtual.it\/wp-content\/uploads\/2021\/11\/02-CYBRO-Leronardo-exampledialog-1024x1024.png\" alt=\"\" width=\"246\" height=\"246\" srcset=\"http:\/\/www.archeovirtual.it\/wp-content\/uploads\/2021\/11\/02-CYBRO-Leronardo-exampledialog-1024x1024.png 1024w, http:\/\/www.archeovirtual.it\/wp-content\/uploads\/2021\/11\/02-CYBRO-Leronardo-exampledialog-150x150.png 150w, http:\/\/www.archeovirtual.it\/wp-content\/uploads\/2021\/11\/02-CYBRO-Leronardo-exampledialog-300x300.png 300w, http:\/\/www.archeovirtual.it\/wp-content\/uploads\/2021\/11\/02-CYBRO-Leronardo-exampledialog-768x768.png 768w, http:\/\/www.archeovirtual.it\/wp-content\/uploads\/2021\/11\/02-CYBRO-Leronardo-exampledialog-940x940.png 940w, http:\/\/www.archeovirtual.it\/wp-content\/uploads\/2021\/11\/02-CYBRO-Leronardo-exampledialog-400x400.png 400w, http:\/\/www.archeovirtual.it\/wp-content\/uploads\/2021\/11\/02-CYBRO-Leronardo-exampledialog.png 1500w\" sizes=\"auto, (max-width: 246px) 100vw, 246px\" \/>Leonardo Cibernetico<\/span><i><span style=\"font-weight: 400;\"> \u00e8 stato scelto da &#8220;La Stampa&#8221; con GEDI gruppo editoriale e INTESA-SAN PAOLO per introdurre gli eventi itineranti della manifestazione &#8220;Alfabeto del Futuro&#8221;, dedicata all&#8217;innovazione. Ha altres\u00ec vinto il premio &#8220;Odisseo 2021&#8221; (CDVM) per l&#8217;innovazione.<\/span><\/i><\/span><\/p>\n<p>&nbsp;<\/p>\n<p>&nbsp;<\/p>\n<hr \/>\n<p style=\"text-align: justify;\"><span style=\"font-size: 10pt; font-family: verdana, geneva, sans-serif;\"><span style=\"font-weight: 400;\">Leonardo Cibernetico<\/span><i><span style=\"font-weight: 400;\"> \u00e8 un avatar conversazionale di prima generazione della famiglia CYBRO\u00a0<\/span><\/i><\/span><\/p>\n<p style=\"text-align: justify;\"><span style=\"font-size: 10pt; font-family: verdana, geneva, sans-serif;\"><i><span style=\"font-weight: 400;\">Un&#8217;idea di <\/span><\/i><span style=\"font-weight: 400;\">Davide Borra<br \/>\n<\/span><\/span><i style=\"font-family: verdana, geneva, sans-serif; font-size: 10pt;\">Realizzato da<\/i><span style=\"font-family: verdana, geneva, sans-serif; font-size: 10pt;\">\u00a0<\/span><span style=\"font-weight: 400;\"><span style=\"font-size: 10pt; font-family: verdana, geneva, sans-serif;\">No Real Interactive<\/span><br \/>\n<\/span><span style=\"font-size: 10pt; font-family: verdana, geneva, sans-serif;\"><i><span style=\"font-weight: 400;\">Motore conversazionale a cura di <\/span><\/i><span style=\"font-weight: 400;\">AND Italia<br \/>\n<\/span><\/span><span style=\"font-size: 10pt; font-family: verdana, geneva, sans-serif;\"><i><span style=\"font-weight: 400;\">Traduzione in toscano a cura di <\/span><\/i><span style=\"font-weight: 400;\">Alessandra Fortini<br \/>\n<\/span><\/span><span style=\"font-size: 10pt; font-family: verdana, geneva, sans-serif;\"><i><span style=\"font-weight: 400;\">Speaker <\/span><\/i><span style=\"font-weight: 400;\">Massimiliano Lotti<\/span><\/span><\/p>\n<p><span style=\"font-family: verdana, geneva, sans-serif; font-size: 12pt;\"><img loading=\"lazy\" decoding=\"async\" class=\"\" src=\"https:\/\/us.123rf.com\/450wm\/martialred\/martialred1611\/martialred161100041\/68962285-click-to-go-to-website-or-internet-line-art-icon-for-apps-and-websites.jpg?ver=6\" alt=\"1,875,281 Website Icon Stock Photos and Images - 123RF\" width=\"31\" height=\"31\" \/>\u00a0 <a href=\"http:\/\/www.noreal.it\">www.noreal.it<\/a><\/span><\/p>\n","protected":false},"excerpt":{"rendered":"<p>LEONARDO CIBERNETICO No Real Interactive, Torino Com&#8217;\u00e8 possibile inventare una nuova forma di comunicazione con il pubblico dei musei, soprattutto a seguito della Pandemia? Ecco l&#8217;avatar in 3D, a grandezza naturale, di Leonardo da Vinci&hellip; <a href=\"http:\/\/www.archeovirtual.it\/index.php\/exhibition\/leonardo-cibernetico\/\">More<\/a><\/p>\n","protected":false},"author":1,"featured_media":0,"parent":612,"menu_order":0,"comment_status":"closed","ping_status":"closed","template":"","meta":{"footnotes":""},"class_list":["post-938","page","type-page","status-publish","hentry"],"_links":{"self":[{"href":"http:\/\/www.archeovirtual.it\/index.php\/wp-json\/wp\/v2\/pages\/938","targetHints":{"allow":["GET"]}}],"collection":[{"href":"http:\/\/www.archeovirtual.it\/index.php\/wp-json\/wp\/v2\/pages"}],"about":[{"href":"http:\/\/www.archeovirtual.it\/index.php\/wp-json\/wp\/v2\/types\/page"}],"author":[{"embeddable":true,"href":"http:\/\/www.archeovirtual.it\/index.php\/wp-json\/wp\/v2\/users\/1"}],"replies":[{"embeddable":true,"href":"http:\/\/www.archeovirtual.it\/index.php\/wp-json\/wp\/v2\/comments?post=938"}],"version-history":[{"count":7,"href":"http:\/\/www.archeovirtual.it\/index.php\/wp-json\/wp\/v2\/pages\/938\/revisions"}],"predecessor-version":[{"id":1135,"href":"http:\/\/www.archeovirtual.it\/index.php\/wp-json\/wp\/v2\/pages\/938\/revisions\/1135"}],"up":[{"embeddable":true,"href":"http:\/\/www.archeovirtual.it\/index.php\/wp-json\/wp\/v2\/pages\/612"}],"wp:attachment":[{"href":"http:\/\/www.archeovirtual.it\/index.php\/wp-json\/wp\/v2\/media?parent=938"}],"curies":[{"name":"wp","href":"https:\/\/api.w.org\/{rel}","templated":true}]}}