{"id":930,"date":"2021-10-29T13:32:03","date_gmt":"2021-10-29T13:32:03","guid":{"rendered":"http:\/\/www.archeovirtual.it\/?page_id=930"},"modified":"2021-11-14T17:37:48","modified_gmt":"2021-11-14T17:37:48","slug":"dont-touch-me","status":"publish","type":"page","link":"http:\/\/www.archeovirtual.it\/index.php\/exhibition\/dont-touch-me\/","title":{"rendered":"DON\u2019T TOUCH ME"},"content":{"rendered":"<p style=\"text-align: justify;\"><span style=\"font-family: verdana, geneva, sans-serif; font-size: 12pt;\"><b><img loading=\"lazy\" decoding=\"async\" class=\"wp-image-1127 alignleft\" style=\"text-align: justify;\" src=\"http:\/\/www.archeovirtual.it\/wp-content\/uploads\/2021\/11\/picture.jpeg\" alt=\"\" width=\"62\" height=\"62\" srcset=\"http:\/\/www.archeovirtual.it\/wp-content\/uploads\/2021\/11\/picture.jpeg 200w, http:\/\/www.archeovirtual.it\/wp-content\/uploads\/2021\/11\/picture-150x150.jpeg 150w\" sizes=\"auto, (max-width: 62px) 100vw, 62px\" \/>DON\u2019T TOUCH ME<br \/>\nNo Real Interactive, Torino<\/b><\/span><\/p>\n<p style=\"text-align: justify;\"><span style=\"font-family: verdana, geneva, sans-serif; font-size: 12pt;\"><i><span style=\"font-weight: 400;\">La Pandemia ha obbligato a trovare soluzioni al potenziale inutilizzo dei totem multimediali gi\u00e0 installati nei musei, che sfruttavano il tocco sullo schermo come modalit\u00e0 di interazione e che oggi richiedono continua sanificazione. <\/span><\/i><span style=\"font-weight: 400;\">Don&#8217;t touch me!<\/span><i><span style=\"font-weight: 400;\"> \u00e8 una risposta possibile, facile ed economica perch\u00e9 si aggiunge e non sostituisce gli usuali metodi di interazione, non cambia modalit\u00e0 di fruizione (si simula il tocco, ma non si tocca); \u00e8 adattabile a tutte le dimensioni di monitor.\u00a0<\/span><\/i><\/span><\/p>\n<p style=\"text-align: justify;\"><span style=\"font-family: verdana, geneva, sans-serif; font-size: 12pt;\"><span style=\"font-weight: 400;\">Don&#8217;t touch me! <\/span><i><span style=\"font-weight: 400;\">\u00e8 infatti composta da una cornice ad infrarossi, sovrapposta ad un monitor touch e ad un computer. La versione presentata ad ArcheoVirtual \u00e8 un\u2019applicazione ludica sviluppata per il MAB &#8211; Museo Archeologico di Bene Vagienna (CN) che permette di vestirsi virtualmente come un personaggio reale o mitologico dell&#8217;antica Roma e di scattarsi un selfie al termine del gioco.\u00a0<\/span><\/i><\/span><\/p>\n<p style=\"text-align: justify;\"><span style=\"font-family: verdana, geneva, sans-serif; font-size: 12pt;\"><i><span style=\"font-weight: 400;\">Buon divertimento!<\/span><\/i><\/span><\/p>\n<p><img loading=\"lazy\" decoding=\"async\" class=\"aligncenter size-large wp-image-1048\" src=\"http:\/\/www.archeovirtual.it\/wp-content\/uploads\/2021\/11\/dont-touch-me-1-1024x683.jpg\" alt=\"\" width=\"760\" height=\"507\" srcset=\"http:\/\/www.archeovirtual.it\/wp-content\/uploads\/2021\/11\/dont-touch-me-1-1024x683.jpg 1024w, http:\/\/www.archeovirtual.it\/wp-content\/uploads\/2021\/11\/dont-touch-me-1-300x200.jpg 300w, http:\/\/www.archeovirtual.it\/wp-content\/uploads\/2021\/11\/dont-touch-me-1-768x512.jpg 768w, http:\/\/www.archeovirtual.it\/wp-content\/uploads\/2021\/11\/dont-touch-me-1-940x627.jpg 940w, http:\/\/www.archeovirtual.it\/wp-content\/uploads\/2021\/11\/dont-touch-me-1-600x400.jpg 600w, http:\/\/www.archeovirtual.it\/wp-content\/uploads\/2021\/11\/dont-touch-me-1.jpg 2048w\" sizes=\"auto, (max-width: 760px) 100vw, 760px\" \/><\/p>\n<p><span style=\"font-family: verdana, geneva, sans-serif; font-size: 12pt;\"><i><span style=\"font-weight: 400;\">Come si usa <\/span><\/i><span style=\"font-weight: 400;\">Don\u2019t touch me<\/span><i><span style=\"font-weight: 400;\">?\u00a0<\/span><\/i><\/span><\/p>\n<ul>\n<li><span style=\"font-family: verdana, geneva, sans-serif; font-size: 12pt;\"><i><span style=\"font-weight: 400;\">Avvia l&#8217;app e scegli il genere che vuoi interpretare;<\/span><\/i><\/span><\/li>\n<li><span style=\"font-family: verdana, geneva, sans-serif; font-size: 12pt;\"><i><span style=\"font-weight: 400;\">Scatta la foto al tuo viso (se non ti piace, puoi rifarla);<\/span><\/i><i><\/i><\/span><\/li>\n<li><span style=\"font-family: verdana, geneva, sans-serif; font-size: 12pt;\"><i><span style=\"font-weight: 400;\">Scegli il tono della pelle e centra bene la foto;<\/span><\/i><\/span><\/li>\n<li><span style=\"font-family: verdana, geneva, sans-serif; font-size: 12pt;\"><i>Scegli uno dei personaggi ed i suoi vestiti;<\/i><\/span><\/li>\n<li><span style=\"font-family: verdana, geneva, sans-serif; font-size: 12pt;\"><i>Conferma e prepara il tuo smartphone per farti un selfie!<\/i><\/span><\/li>\n<\/ul>\n<p style=\"text-align: justify;\"><i><span style=\"font-family: verdana, geneva, sans-serif;\"><i style=\"font-size: 12pt;\">Per interagire con l\u2019applicazione, baster\u00e0 puntare il dito in direzione del monitor e avvicinarsi all&#8217;icona che vuoi cliccare seguendo il puntatore che comparir\u00e0. Per simulare il \u201cclick\u201d baster\u00e0 tirare indietro il dito.<\/i><\/span><\/i><\/p>\n<p style=\"text-align: justify;\"><span style=\"font-family: verdana, geneva, sans-serif; font-size: 12pt;\"><i><span style=\"font-weight: 400;\">Buon divertimento!<\/span><\/i><\/span><\/p>\n<p><span style=\"font-family: verdana, geneva, sans-serif; font-size: 12pt;\"><img loading=\"lazy\" decoding=\"async\" class=\"\" src=\"https:\/\/us.123rf.com\/450wm\/martialred\/martialred1611\/martialred161100041\/68962285-click-to-go-to-website-or-internet-line-art-icon-for-apps-and-websites.jpg?ver=6\" alt=\"1,875,281 Website Icon Stock Photos and Images - 123RF\" width=\"31\" height=\"31\" \/>\u00a0 <a href=\"http:\/\/www.noreal.it\">www.noreal.it<\/a><\/span><\/p>\n","protected":false},"excerpt":{"rendered":"<p>DON\u2019T TOUCH ME No Real Interactive, Torino La Pandemia ha obbligato a trovare soluzioni al potenziale inutilizzo dei totem multimediali gi\u00e0 installati nei musei, che sfruttavano il tocco sullo schermo come modalit\u00e0 di interazione e&hellip; <a href=\"http:\/\/www.archeovirtual.it\/index.php\/exhibition\/dont-touch-me\/\">More<\/a><\/p>\n","protected":false},"author":1,"featured_media":0,"parent":612,"menu_order":0,"comment_status":"closed","ping_status":"closed","template":"","meta":{"footnotes":""},"class_list":["post-930","page","type-page","status-publish","hentry"],"_links":{"self":[{"href":"http:\/\/www.archeovirtual.it\/index.php\/wp-json\/wp\/v2\/pages\/930","targetHints":{"allow":["GET"]}}],"collection":[{"href":"http:\/\/www.archeovirtual.it\/index.php\/wp-json\/wp\/v2\/pages"}],"about":[{"href":"http:\/\/www.archeovirtual.it\/index.php\/wp-json\/wp\/v2\/types\/page"}],"author":[{"embeddable":true,"href":"http:\/\/www.archeovirtual.it\/index.php\/wp-json\/wp\/v2\/users\/1"}],"replies":[{"embeddable":true,"href":"http:\/\/www.archeovirtual.it\/index.php\/wp-json\/wp\/v2\/comments?post=930"}],"version-history":[{"count":7,"href":"http:\/\/www.archeovirtual.it\/index.php\/wp-json\/wp\/v2\/pages\/930\/revisions"}],"predecessor-version":[{"id":1136,"href":"http:\/\/www.archeovirtual.it\/index.php\/wp-json\/wp\/v2\/pages\/930\/revisions\/1136"}],"up":[{"embeddable":true,"href":"http:\/\/www.archeovirtual.it\/index.php\/wp-json\/wp\/v2\/pages\/612"}],"wp:attachment":[{"href":"http:\/\/www.archeovirtual.it\/index.php\/wp-json\/wp\/v2\/media?parent=930"}],"curies":[{"name":"wp","href":"https:\/\/api.w.org\/{rel}","templated":true}]}}