{"id":767,"date":"2020-09-14T10:13:59","date_gmt":"2020-09-14T10:13:59","guid":{"rendered":"http:\/\/www.archeovirtual.it\/?page_id=767"},"modified":"2020-09-14T10:26:29","modified_gmt":"2020-09-14T10:26:29","slug":"pecunia-non-olet","status":"publish","type":"page","link":"http:\/\/www.archeovirtual.it\/index.php\/expo-2019\/exhibition-2019\/pecunia-non-olet\/","title":{"rendered":"Pecunia non olet"},"content":{"rendered":"<p><img loading=\"lazy\" decoding=\"async\" class=\"aligncenter size-large wp-image-745\" src=\"http:\/\/www.archeovirtual.it\/wp-content\/uploads\/2020\/09\/pecunia1-1024x501.png\" alt=\"\" width=\"760\" height=\"372\" srcset=\"http:\/\/www.archeovirtual.it\/wp-content\/uploads\/2020\/09\/pecunia1-1024x501.png 1024w, http:\/\/www.archeovirtual.it\/wp-content\/uploads\/2020\/09\/pecunia1-300x147.png 300w, http:\/\/www.archeovirtual.it\/wp-content\/uploads\/2020\/09\/pecunia1-768x375.png 768w, http:\/\/www.archeovirtual.it\/wp-content\/uploads\/2020\/09\/pecunia1-940x460.png 940w, http:\/\/www.archeovirtual.it\/wp-content\/uploads\/2020\/09\/pecunia1-818x400.png 818w, http:\/\/www.archeovirtual.it\/wp-content\/uploads\/2020\/09\/pecunia1.png 1618w\" sizes=\"auto, (max-width: 760px) 100vw, 760px\" \/><\/p>\n<p><span style=\"color: #4a86e8; font-size: 14pt;\"><span style=\"font-family: Calibri, serif;\"><i><b>Pecunia non olet. L\u2019odore dei soldi nell\u2019antica Pompei.<\/b><\/i><\/span><\/span><\/p>\n<p><b>TILE, Napoli; <\/b><b>CNRS, Centre Jean B\u00e9rard; Parco Archeologico di Pompei<\/b><\/p>\n<p><span style=\"font-family: Calibri, serif;\"><span style=\"font-size: small;\"><b>IT.<\/b><\/span><\/span><\/p>\n<p align=\"justify\"><span style=\"font-family: Calibri, serif;\"><span style=\"font-size: small;\">Pompei, come tante altre citt\u00e0 dell\u2019impero romano, viveva di traffici commerciali e di attivit\u00e0 produttive. Generare ricchezza, soldi, valore, aveva anche un \u201ceffetto collaterale\u201d, se cos\u00ec possiamo dire: l\u2019odore; il sudore degli schiavi, gli escrementi degli animali, la puzza di solventi come l\u2019urina&#8230; il nostro naso di uomini del terzo millennio d.C. farebbe molta difficolt\u00e0 a respirare per le strade di una qualsiasi localit\u00e0 del mondo romano. Ma ovviamente non tutti gli odori emanati dalle attivit\u00e0 produttive erano sgradevoli; il pane appena sfornato era delizioso da annusare e i profumi creati dalle abili mani degli artigiani usando fiori ed erbe erano una gioia per le narici! Come ci ricorda Jean Giono: \u00abGli Dei creano gli odori, gli uomini fabbricano i profumi\u00bb. <\/span><\/span><\/p>\n<p align=\"justify\"><span style=\"font-family: Calibri, serif;\"><span style=\"font-size: small;\">La lunga collaborazione fra Nicola Barile e il CNRS-Centre Jean B\u00e9rard (e i direttori che si sono succeduti, Jean-Pierre Brun e Claude Pouzadoux) ha dato origine a questo originale racconto-documentario che tratta il tema dell\u2019odore generato dalle attivit\u00e0 produttive nell\u2019antica Pompei. E ne valeva la pena, perch\u00e9, come ci ricorda il poeta Edward Thomas: \u00abIl passato \u00e8 l\u2019unica cosa morta che ha un dolce odore\u00bb. <\/span><\/span><\/p>\n<p align=\"justify\"><span style=\"font-family: Calibri, serif;\"><span style=\"font-size: small;\"><b>EN.<\/b><\/span><\/span><\/p>\n<p align=\"justify\"><span style=\"font-family: Calibri, serif;\"><span style=\"font-size: small;\">Pompei, as many ancient towns in Roman Empire, was favored by commercial and production activities. Producing money and wealth also had the side effect of creating smells: slaves\u2019 sweat, animals\u2019 excrements, the smell of solvents such as urine\u2026 Our third millennium men\u2019s nose would barely breathe along the streets of any ancient town. Of course, not all the smells spreading from production activity were bad. The bread just taken out of the oven was delicious, as the scents created by the expert artisans from plants and flowers! As Jean Giono said: \u00abGods make smells, as men create fragrances\u00bb.<\/span><\/span><\/p>\n<p align=\"justify\"><span style=\"font-family: Calibri, serif;\"><span style=\"font-size: small;\">The long-lasting collaboration between Nicola Barile and CNRS-Centre Jean B\u00e9rard (and the directors Jean-Pierre Brun and Claude Pouzandoux) led to this original documentary-tale about the smells generated from production activity in ancient Pompei. It was worth doing such a job: the poet Edward Thomas wrote: \u00abthe Past is the only dead thing with a nice smell\u00bb.<\/span><\/span><\/p>\n","protected":false},"excerpt":{"rendered":"<p>Pecunia non olet. L\u2019odore dei soldi nell\u2019antica Pompei. TILE, Napoli; CNRS, Centre Jean B\u00e9rard; Parco Archeologico di Pompei IT. Pompei, come tante altre citt\u00e0 dell\u2019impero romano, viveva di traffici commerciali e di attivit\u00e0 produttive. Generare&hellip; <a href=\"http:\/\/www.archeovirtual.it\/index.php\/expo-2019\/exhibition-2019\/pecunia-non-olet\/\">More<\/a><\/p>\n","protected":false},"author":1,"featured_media":0,"parent":617,"menu_order":0,"comment_status":"closed","ping_status":"closed","template":"","meta":{"footnotes":""},"class_list":["post-767","page","type-page","status-publish","hentry"],"_links":{"self":[{"href":"http:\/\/www.archeovirtual.it\/index.php\/wp-json\/wp\/v2\/pages\/767","targetHints":{"allow":["GET"]}}],"collection":[{"href":"http:\/\/www.archeovirtual.it\/index.php\/wp-json\/wp\/v2\/pages"}],"about":[{"href":"http:\/\/www.archeovirtual.it\/index.php\/wp-json\/wp\/v2\/types\/page"}],"author":[{"embeddable":true,"href":"http:\/\/www.archeovirtual.it\/index.php\/wp-json\/wp\/v2\/users\/1"}],"replies":[{"embeddable":true,"href":"http:\/\/www.archeovirtual.it\/index.php\/wp-json\/wp\/v2\/comments?post=767"}],"version-history":[{"count":2,"href":"http:\/\/www.archeovirtual.it\/index.php\/wp-json\/wp\/v2\/pages\/767\/revisions"}],"predecessor-version":[{"id":775,"href":"http:\/\/www.archeovirtual.it\/index.php\/wp-json\/wp\/v2\/pages\/767\/revisions\/775"}],"up":[{"embeddable":true,"href":"http:\/\/www.archeovirtual.it\/index.php\/wp-json\/wp\/v2\/pages\/617"}],"wp:attachment":[{"href":"http:\/\/www.archeovirtual.it\/index.php\/wp-json\/wp\/v2\/media?parent=767"}],"curies":[{"name":"wp","href":"https:\/\/api.w.org\/{rel}","templated":true}]}}