{"id":765,"date":"2020-09-14T10:11:42","date_gmt":"2020-09-14T10:11:42","guid":{"rendered":"http:\/\/www.archeovirtual.it\/?page_id=765"},"modified":"2020-09-14T10:27:33","modified_gmt":"2020-09-14T10:27:33","slug":"s-t-u-r-a","status":"publish","type":"page","link":"http:\/\/www.archeovirtual.it\/index.php\/expo-2019\/exhibition-2019\/s-t-u-r-a\/","title":{"rendered":"S.T.U.R.A."},"content":{"rendered":"<p><img loading=\"lazy\" decoding=\"async\" class=\"aligncenter size-full wp-image-744\" src=\"http:\/\/www.archeovirtual.it\/wp-content\/uploads\/2020\/09\/stura.png\" alt=\"\" width=\"740\" height=\"417\" srcset=\"http:\/\/www.archeovirtual.it\/wp-content\/uploads\/2020\/09\/stura.png 740w, http:\/\/www.archeovirtual.it\/wp-content\/uploads\/2020\/09\/stura-300x169.png 300w, http:\/\/www.archeovirtual.it\/wp-content\/uploads\/2020\/09\/stura-680x383.png 680w, http:\/\/www.archeovirtual.it\/wp-content\/uploads\/2020\/09\/stura-710x400.png 710w\" sizes=\"auto, (max-width: 740px) 100vw, 740px\" \/><\/p>\n<p><span style=\"color: #4a86e8; font-size: 14pt;\"><i><b>S.T.U.R.A. Storia del Territorio e dell\u2019Uomo lungo le Rive e sull\u2019Acqua<\/b><\/i><\/span><\/p>\n<p><b>NOREAL.IT Interactive srl, Torino; <\/b><b>Unione del Fossanese<\/b><\/p>\n<p><span style=\"font-family: Calibri, serif;\"><span style=\"font-size: small;\"><b>IT.<\/b><\/span><\/span><\/p>\n<p align=\"justify\"><span style=\"font-family: Calibri, serif;\"><span style=\"font-size: small;\">Ai piedi del Monviso, lungo il fiume Stura di Demonte, la storia dell\u2019uomo si evolve dalla preistoria fino all\u2019et\u00e0 contemporanea. Sette epoche storiche, 50 rievocatori storici, il film \u00e8 stato girato nei luoghi dei ritrovamenti, con la curatela della Soprintendenza del Piemonte. Alle immagini \u00e8 lasciato il compito di documentare le attivit\u00e0 quotidiane, i riti, gli eventi, mentre alla voce narrante \u00e8 dato il compito di evocare il ruolo tra uomo, storia e territorio.<\/span><\/span><\/p>\n<p align=\"justify\"><span style=\"font-family: Calibri, serif;\"><span style=\"font-size: small;\">Scritto e diretto da Davide Borra, prodotto da Unione del Fossanese e realizzato da No Real Interactive srl. \u00c8 visibile nella Torre del Castello Acaia di Fossano.<\/span><\/span><\/p>\n<p><span style=\"font-family: Calibri, serif;\"><span style=\"font-size: small;\"><b>EN.<\/b><\/span><\/span><\/p>\n<p align=\"justify\"><span style=\"font-family: Calibri, serif;\"><span style=\"font-size: small;\">Along the Stura river of Demonte, under the Mount Monviso, human history flows since prehistory up to our days. Seven historical phases and 50 actors of historical fiction: the movie has been shot in the real archaeological sites, thanks to the supervision of Soprintendenza del Piemonte. Every-day life, rituals, events, are told through the images, as the talking voice sews together the roles of men, history and landscape. <\/span><\/span><\/p>\n<p align=\"justify\"><span style=\"font-family: Calibri, serif;\"><span style=\"font-size: small;\">Written and directed by Davide Borra, produced by Unione del Fossanese and realized by NoReal Interactive srl. It is played in the tower of the Acaia Castle, at Fossano.<\/span><\/span><\/p>\n","protected":false},"excerpt":{"rendered":"<p>S.T.U.R.A. Storia del Territorio e dell\u2019Uomo lungo le Rive e sull\u2019Acqua NOREAL.IT Interactive srl, Torino; Unione del Fossanese IT. Ai piedi del Monviso, lungo il fiume Stura di Demonte, la storia dell\u2019uomo si evolve dalla&hellip; <a href=\"http:\/\/www.archeovirtual.it\/index.php\/expo-2019\/exhibition-2019\/s-t-u-r-a\/\">More<\/a><\/p>\n","protected":false},"author":1,"featured_media":0,"parent":617,"menu_order":0,"comment_status":"closed","ping_status":"closed","template":"","meta":{"footnotes":""},"class_list":["post-765","page","type-page","status-publish","hentry"],"_links":{"self":[{"href":"http:\/\/www.archeovirtual.it\/index.php\/wp-json\/wp\/v2\/pages\/765","targetHints":{"allow":["GET"]}}],"collection":[{"href":"http:\/\/www.archeovirtual.it\/index.php\/wp-json\/wp\/v2\/pages"}],"about":[{"href":"http:\/\/www.archeovirtual.it\/index.php\/wp-json\/wp\/v2\/types\/page"}],"author":[{"embeddable":true,"href":"http:\/\/www.archeovirtual.it\/index.php\/wp-json\/wp\/v2\/users\/1"}],"replies":[{"embeddable":true,"href":"http:\/\/www.archeovirtual.it\/index.php\/wp-json\/wp\/v2\/comments?post=765"}],"version-history":[{"count":2,"href":"http:\/\/www.archeovirtual.it\/index.php\/wp-json\/wp\/v2\/pages\/765\/revisions"}],"predecessor-version":[{"id":776,"href":"http:\/\/www.archeovirtual.it\/index.php\/wp-json\/wp\/v2\/pages\/765\/revisions\/776"}],"up":[{"embeddable":true,"href":"http:\/\/www.archeovirtual.it\/index.php\/wp-json\/wp\/v2\/pages\/617"}],"wp:attachment":[{"href":"http:\/\/www.archeovirtual.it\/index.php\/wp-json\/wp\/v2\/media?parent=765"}],"curies":[{"name":"wp","href":"https:\/\/api.w.org\/{rel}","templated":true}]}}