{"id":760,"date":"2020-09-14T10:03:39","date_gmt":"2020-09-14T10:03:39","guid":{"rendered":"http:\/\/www.archeovirtual.it\/?page_id=760"},"modified":"2020-09-14T10:25:03","modified_gmt":"2020-09-14T10:25:03","slug":"pietragalla-experience","status":"publish","type":"page","link":"http:\/\/www.archeovirtual.it\/index.php\/expo-2019\/exhibition-2019\/pietragalla-experience\/","title":{"rendered":"Pietragalla Experience"},"content":{"rendered":"<p><img loading=\"lazy\" decoding=\"async\" class=\"aligncenter size-large wp-image-750\" src=\"http:\/\/www.archeovirtual.it\/wp-content\/uploads\/2020\/09\/pietragalla2-1024x546.png\" alt=\"\" width=\"760\" height=\"405\" srcset=\"http:\/\/www.archeovirtual.it\/wp-content\/uploads\/2020\/09\/pietragalla2-1024x546.png 1024w, http:\/\/www.archeovirtual.it\/wp-content\/uploads\/2020\/09\/pietragalla2-300x160.png 300w, http:\/\/www.archeovirtual.it\/wp-content\/uploads\/2020\/09\/pietragalla2-768x409.png 768w, http:\/\/www.archeovirtual.it\/wp-content\/uploads\/2020\/09\/pietragalla2-940x501.png 940w, http:\/\/www.archeovirtual.it\/wp-content\/uploads\/2020\/09\/pietragalla2-750x400.png 750w, http:\/\/www.archeovirtual.it\/wp-content\/uploads\/2020\/09\/pietragalla2.png 1326w\" sizes=\"auto, (max-width: 760px) 100vw, 760px\" \/><\/p>\n<p><span style=\"color: #4a86e8;\"><span style=\"font-size: large;\"><i><b>Pietragalla Experience <\/b><\/i><\/span><\/span><\/p>\n<p><b>EFFENOVE SRL, Potenza; <\/b><b>Univ. Paris 1 Panth\u00e9on-Sorbonne; Humboldt-Univ. Berlin; CNR-ISPC; Soprint. Archeologia Belle Arti e Paesaggio ella Basilicata; Regione Basilicata, Provincia di Potenza, Comune di Pietragalla, Unibas, Polo Museale Basilicata, APT Basilicata. <\/b><\/p>\n<p><span style=\"font-family: Calibri, serif;\"><span style=\"font-size: small;\"><b>IT.<\/b><\/span><\/span><\/p>\n<p align=\"justify\"><span style=\"font-family: Calibri, serif;\"><span style=\"font-size: small;\">La DEMO Pietragalla Project VR Experience \u00e8 un\u2019esperienza in Virtual Reality (VR) dedicata alla ricerca archeologica e scientifica sul sito di Monte Torretta di Pietragalla (PZ), un insediamento d\u2019altura lucano fortificato intorno al IV sec. a.C. L\u2019opera \u00e8 stata realizzata dalla societ\u00e0 effenove srls in collaborazione con gli atenei Universit\u00e0 Parigi 1 Panth\u00e9on- Sorbonne e Humboldt-Universit\u00e4t di Berlino e con la Soprintendenza Archeologia Belle Arti e Paesaggio della Basilicata, che negli ultimi hanno rilanciato una nuova stagione di ricerca archeologica sul sito. Il lavoro propone un punto di vista, quello dell\u2019archeologo, che \u00e8 un ponte tra chi entra nella storia con gli strumenti scientifici della ricerca e chi vuole comprenderla con spirito di conoscenza. Il viaggio immersivo ripercorre la storia della ricerca sul sito di Monte Torretta e mette l\u2019utente davanti ai principali reperti collegati al sito e all\u2019ipotesi ricostruttiva di Porta Marie, la grande porta d\u2019accesso alla citt\u00e0 fortificata.<\/span><\/span><\/p>\n<p><span style=\"font-family: Calibri, serif;\"><span style=\"font-size: small;\"><b>EN.<\/b><\/span><\/span><\/p>\n<p align=\"justify\"><span style=\"font-family: Calibri, serif;\"><span style=\"font-size: small;\">The DEMO Pietragalla Project VR Experience is an app in Virtual Reality (VR) that allows an immersive experience similar to a journey in the archaeological and scientific research on the site of Monte Torretta in Pietragalla (PZ), a hilltop Lucanian settlement fortified around the IVth century AD. The work was carried out by the company effenove srls in collaboration with the Universities Paris 1 Panth\u00e9on-Sorbonne and Humboldt-Universit\u00e4t of Berlin and with the Superintendence of Fine Arts and Landscape of Basilicata, as they have recently opened a new season of archaeological investigation on the site. This work offers a particular point of view: the archaeologist\u2019s one, which is a bridge between those who approach history with scientific instruments typical of research and those who want to understand our roots with a curious spirit of knowledge.<\/span><\/span><\/p>\n<p align=\"justify\"><span style=\"font-family: Calibri, serif;\"><span style=\"font-size: small;\">The immersive VR trip retrace the history of research on Monte Torretta and puts users in front of the main finds connected to the site and the reconstructive proposition of Porta Marie, the main gateway to the fortified city.<\/span><\/span><\/p>\n","protected":false},"excerpt":{"rendered":"<p>Pietragalla Experience EFFENOVE SRL, Potenza; Univ. Paris 1 Panth\u00e9on-Sorbonne; Humboldt-Univ. Berlin; CNR-ISPC; Soprint. Archeologia Belle Arti e Paesaggio ella Basilicata; Regione Basilicata, Provincia di Potenza, Comune di Pietragalla, Unibas, Polo Museale Basilicata, APT Basilicata. IT.&hellip; <a href=\"http:\/\/www.archeovirtual.it\/index.php\/expo-2019\/exhibition-2019\/pietragalla-experience\/\">More<\/a><\/p>\n","protected":false},"author":1,"featured_media":0,"parent":617,"menu_order":0,"comment_status":"closed","ping_status":"closed","template":"","meta":{"footnotes":""},"class_list":["post-760","page","type-page","status-publish","hentry"],"_links":{"self":[{"href":"http:\/\/www.archeovirtual.it\/index.php\/wp-json\/wp\/v2\/pages\/760","targetHints":{"allow":["GET"]}}],"collection":[{"href":"http:\/\/www.archeovirtual.it\/index.php\/wp-json\/wp\/v2\/pages"}],"about":[{"href":"http:\/\/www.archeovirtual.it\/index.php\/wp-json\/wp\/v2\/types\/page"}],"author":[{"embeddable":true,"href":"http:\/\/www.archeovirtual.it\/index.php\/wp-json\/wp\/v2\/users\/1"}],"replies":[{"embeddable":true,"href":"http:\/\/www.archeovirtual.it\/index.php\/wp-json\/wp\/v2\/comments?post=760"}],"version-history":[{"count":2,"href":"http:\/\/www.archeovirtual.it\/index.php\/wp-json\/wp\/v2\/pages\/760\/revisions"}],"predecessor-version":[{"id":774,"href":"http:\/\/www.archeovirtual.it\/index.php\/wp-json\/wp\/v2\/pages\/760\/revisions\/774"}],"up":[{"embeddable":true,"href":"http:\/\/www.archeovirtual.it\/index.php\/wp-json\/wp\/v2\/pages\/617"}],"wp:attachment":[{"href":"http:\/\/www.archeovirtual.it\/index.php\/wp-json\/wp\/v2\/media?parent=760"}],"curies":[{"name":"wp","href":"https:\/\/api.w.org\/{rel}","templated":true}]}}