{"id":440,"date":"2018-10-24T09:33:17","date_gmt":"2018-10-24T09:33:17","guid":{"rendered":"http:\/\/www.archeovirtual.it\/?page_id=440"},"modified":"2020-06-05T11:26:39","modified_gmt":"2020-06-05T11:26:39","slug":"workshop2018","status":"publish","type":"page","link":"http:\/\/www.archeovirtual.it\/index.php\/expo-2018\/workshop2018\/","title":{"rendered":"Workshop 2018"},"content":{"rendered":"<p style=\"text-align: center;\"><span style=\"color: #0091ff;\">\u201cArcheovirtual 2018. Archeologia e Digitale: lo stato dell&#8217;arte\u201d.\u00a0<\/span><br \/>\n<span style=\"color: #0091ff;\"> 17 novembre 2018 | ore 15:00 \u2013 18:00 | Sala Conferenze, Hotel Savoy, Paestum<\/span><\/p>\n<p style=\"text-align: justify;\">I musei non sono pi\u00f9 solo spazi fisici dedicati alla conservazione di collezioni artistiche e storiche, ma con una specifica identit\u00e0. Assumono un ruolo come agenti di sviluppo e crescita culturale, entit\u00e0 vivaci in grado di promuovere la conoscenza del passato, plasmare e influenzare il futuro.<br \/>\nAttraverso le tecnologie digitali, i musei possono usufruire di strumenti multifunzionali per comunicare le loro attivit\u00e0, raccontare storie di persone e oggetti, promuovere eventi, condividere informazioni e proteggere i loro beni inestimabili.<br \/>\nInoltre, il museo stesso, in quanto istituzione, non \u00e8 pi\u00f9 visto come il depositario finale di ci\u00f2 che \u00e8 stato scavato o prodotto altrove (con le uniche preoccupazioni di preservarlo o esporlo), ma diviene agente di creazione di contenuti che danno vita &#8211; o rinforzano &#8211; relazioni fruttuose tra gli elementi: i manufatti fisici, il loro valore storico e simbolico, il loro originale contesto di fruizione. In questo modo, il museo \u00e8 oggi promotore di reti di conoscenze, in grado di estendere i propri confini al di fuori degli spazi del contenitore architettonico.<br \/>\nNell\u2019affrontare queste sfide, i musei sono invitati a riflettere sul loro ruolo sociale e sulle loro funzioni. Il programma si pone come una piattaforma per la discussione di queste e altre domande fondamentali che determineranno la forma in evoluzione e il ruolo futuro dei musei sotto la sfera del Digitale.<br \/>\nCome sta cambiando il Museo? E\u2019 possibile stilare un bilancio di come gli esempi pi\u00f9 virtuosi dell\u2019uso degli strumenti digitali ha inciso sulla dimensione museale? Come \u00e8 mutato il rapporto fra Istituzioni e tecnologia, fra domanda e offerta, fra archeologia e informatica?<\/p>\n<p style=\"text-align: justify;\"><strong>SALUTI<\/strong> <em>15:00<\/em><br \/>\n<em>Ugo Picarelli<\/em>, Direttore<a href=\"http:\/\/www.borsaturismoarcheologico.it\/\" target=\"_blank\" rel=\"noopener noreferrer\"> BMTA<\/a><br \/>\n<em>Salvatore Piro<\/em>,<a href=\"http:\/\/www.itabc.cnr.it\/team\/salvatore-piro\" target=\"_blank\" rel=\"noopener noreferrer\"> Direttore CNR ITABC<\/a><\/p>\n<p style=\"text-align: justify;\"><strong>MODERA<\/strong><br \/>\n<em>Cinzia Dal Maso<\/em>, giornalista<\/p>\n<p style=\"text-align: justify;\"><strong>APERTURA LAVORI<\/strong><br \/>\n<em>Gianluca Vacca<\/em>, <a href=\"https:\/\/www.beniculturali.it\/mibac\/export\/MiBAC\/sito-MiBAC\/MenuPrincipale\/Ministero\/Sottosegretari\/Gianluca-Vacca\/index.html\" target=\"_blank\" rel=\"noopener noreferrer\">Sottosegrtario MiBAC<\/a><\/p>\n<p style=\"text-align: justify;\"><strong>PRIMO PANEL <\/strong><em>15:15<\/em> <span style=\"color: #00a2ff;\"><strong><br \/>\n<\/strong><span style=\"color: #0091ff;\">Le istituzioni e il digitale. Come \u00e8 cambiato il museo negli ultimi decenni?<\/span><\/span><strong><br \/>\n<\/strong><em>Gabriel Zuchtriegel<\/em>, Direttore dell\u2019<a href=\"http:\/\/www.museopaestum.beniculturali.it\/\" target=\"_blank\" rel=\"noopener noreferrer\">Area Archeologica e del Museo Nazionale di Paestum<\/a><a href=\"http:\/\/www.museopaestum.beniculturali.it\/\" target=\"_blank\" rel=\"noopener noreferrer\"><br \/>\n<\/a><em>Paolo Giulierini,<\/em> Direttore<a href=\"https:\/\/www.museoarcheologiconapoli.it\/it\/\" target=\"_blank\" rel=\"noopener noreferrer\"> Museo Archeologico Nazionale di Napoli<\/a><em><br \/>\nElena Calandra, <\/em>MiBAC, <a href=\"http:\/\/www.ic_archeo.beniculturali.it\/\" target=\"_blank\" rel=\"noopener noreferrer\">Istituto Centrale per l&#8217;Archeologia<\/a><em><br \/>\nAlessandra Gobbi<\/em>, MiBAC,<em> <a href=\"http:\/\/musei.beniculturali.it\/\" target=\"_blank\" rel=\"noopener noreferrer\">DG Musei<\/a><br \/>\nAugusto Palombini<\/em>, <a href=\"http:\/\/www.itabc.cnr.it\/\" target=\"_blank\" rel=\"noopener noreferrer\">CNR ITABC<\/a> Direttore scientifico di Archeovirtual<br \/>\nRossana Romano, <a href=\"http:\/\/www.regione.campania.it\/regione\/it\/regione\/d-g-politiche-culturali-e-turismo\/50-12-00-direzione-generale-per-le-politiche-culturali-e-il-turismo?page=1\" target=\"_blank\" rel=\"noopener noreferrer\">Direttore Generale DG per le politiche culturali e il turismo Regione Campania<\/a><\/p>\n<p><strong>SECONDO PANEL <\/strong><em>15:45<\/em> <strong><br \/>\n<\/strong><span style=\"color: #0091ff;\">I mondi di mezzo: le tecnologie e il rapporto fra domanda e offerta<\/span><strong><br \/>\n<\/strong><em>Daniele Ferdani<\/em>, <a href=\"http:\/\/www.itabc.cnr.it\/\" target=\"_blank\" rel=\"noopener noreferrer\">CNR ITABC<\/a> specialista in virtual archaeology<br \/>\n<em>Stefano Borghini<\/em>,<a href=\"http:\/\/www.colosseo.beniculturali.it\/\" target=\"_blank\" rel=\"noopener noreferrer\"> Parco Archeologico del Colosseo<\/a>, architetto e modellatore<br \/>\n<em>Francesco Gabellone<\/em>, ricercatore<a href=\"http:\/\/www.ibam.cnr.it\/\" target=\"_blank\" rel=\"noopener noreferrer\"> CNR<\/a>, specialista in virtual archaeology<br \/>\n<em>Guido Bozzelli<\/em>, <a href=\"http:\/\/www.digitalcomoedia.com\/landing\/\" target=\"_blank\" rel=\"noopener noreferrer\">Digitalcomoedia<\/a>, imprenditore digitale<br \/>\n<em>Antonio Scuderi<\/em>, <a href=\"https:\/\/www.art-glass.it\/\" target=\"_blank\" rel=\"noopener noreferrer\">ArtGlass<\/a>, imprenditore digitale<\/p>\n<p><strong>DIBATTITO <\/strong><em>16:15<\/em><br \/>\n<strong><br \/>\n<\/strong><\/p>\n<p><em>Il workshop \u00e8 organizzato da\u00a0<a href=\"http:\/\/www.itabc.cnr.it\/\" target=\"_blank\" rel=\"noopener noreferrer\">CNR ITABC<\/a> e <\/em><a href=\"http:\/\/musei.beniculturali.it\/\" target=\"_blank\" rel=\"noopener noreferrer\">DG Musei, MIBAC<\/a><\/p>\n<p style=\"text-align: justify;\"><em>\u00a0<\/em><\/p>\n<p style=\"text-align: justify;\"><strong>Coordinamento e organizzazione BMTA: <\/strong>Provincia di Salerno, Leader sas<br \/>\n<strong>Direzione BMTA: <\/strong><em>Ugo Picarelli<\/em><br \/>\n<strong>Direzione scientifica Archeovirtual<\/strong>: <em>Augusto Palombini<\/em>, CNR ITABC<\/p>\n","protected":false},"excerpt":{"rendered":"<p>\u201cArcheovirtual 2018. Archeologia e Digitale: lo stato dell&#8217;arte\u201d.\u00a0 17 novembre 2018 | ore 15:00 \u2013 18:00 | Sala Conferenze, Hotel Savoy, Paestum I musei non sono pi\u00f9 solo spazi fisici dedicati alla conservazione di collezioni&hellip; <a href=\"http:\/\/www.archeovirtual.it\/index.php\/expo-2018\/workshop2018\/\">More<\/a><\/p>\n","protected":false},"author":1,"featured_media":0,"parent":509,"menu_order":0,"comment_status":"closed","ping_status":"closed","template":"","meta":{"footnotes":""},"class_list":["post-440","page","type-page","status-publish","hentry"],"_links":{"self":[{"href":"http:\/\/www.archeovirtual.it\/index.php\/wp-json\/wp\/v2\/pages\/440","targetHints":{"allow":["GET"]}}],"collection":[{"href":"http:\/\/www.archeovirtual.it\/index.php\/wp-json\/wp\/v2\/pages"}],"about":[{"href":"http:\/\/www.archeovirtual.it\/index.php\/wp-json\/wp\/v2\/types\/page"}],"author":[{"embeddable":true,"href":"http:\/\/www.archeovirtual.it\/index.php\/wp-json\/wp\/v2\/users\/1"}],"replies":[{"embeddable":true,"href":"http:\/\/www.archeovirtual.it\/index.php\/wp-json\/wp\/v2\/comments?post=440"}],"version-history":[{"count":15,"href":"http:\/\/www.archeovirtual.it\/index.php\/wp-json\/wp\/v2\/pages\/440\/revisions"}],"predecessor-version":[{"id":531,"href":"http:\/\/www.archeovirtual.it\/index.php\/wp-json\/wp\/v2\/pages\/440\/revisions\/531"}],"up":[{"embeddable":true,"href":"http:\/\/www.archeovirtual.it\/index.php\/wp-json\/wp\/v2\/pages\/509"}],"wp:attachment":[{"href":"http:\/\/www.archeovirtual.it\/index.php\/wp-json\/wp\/v2\/media?parent=440"}],"curies":[{"name":"wp","href":"https:\/\/api.w.org\/{rel}","templated":true}]}}