{"id":1513,"date":"2024-06-11T13:25:36","date_gmt":"2024-06-11T13:25:36","guid":{"rendered":"http:\/\/www.archeovirtual.it\/?page_id=1513"},"modified":"2025-06-13T08:29:54","modified_gmt":"2025-06-13T08:29:54","slug":"exhibition-2","status":"publish","type":"page","link":"http:\/\/www.archeovirtual.it\/index.php\/en\/exhibition-2\/","title":{"rendered":"Exhibition 2024"},"content":{"rendered":"<p>&nbsp;<\/p>\n<p style=\"text-align: justify;\"><span style=\"font-family: verdana, geneva, sans-serif;\">The ArcheoVirtual Exhibition is divided into two parts: an audiovisual section, in which videos relating to projects of particular originality, innovation and importance are projected; and a section dedicated to interactive applications, where the public is called to interact firsthand with technologies and multimedia contents.<\/span><\/p>\n<p>&nbsp;<\/p>\n<p><img loading=\"lazy\" decoding=\"async\" class=\"alignnone wp-image-1403\" src=\"http:\/\/www.archeovirtual.it\/wp-content\/uploads\/2023\/10\/Archeovirtual23_image-1-300x202.jpg\" alt=\"\" width=\"193\" height=\"130\" srcset=\"http:\/\/www.archeovirtual.it\/wp-content\/uploads\/2023\/10\/Archeovirtual23_image-1-300x202.jpg 300w, http:\/\/www.archeovirtual.it\/wp-content\/uploads\/2023\/10\/Archeovirtual23_image-1-768x518.jpg 768w, http:\/\/www.archeovirtual.it\/wp-content\/uploads\/2023\/10\/Archeovirtual23_image-1-940x634.jpg 940w, http:\/\/www.archeovirtual.it\/wp-content\/uploads\/2023\/10\/Archeovirtual23_image-1-593x400.jpg 593w, http:\/\/www.archeovirtual.it\/wp-content\/uploads\/2023\/10\/Archeovirtual23_image-1.jpg 1023w\" sizes=\"auto, (max-width: 193px) 100vw, 193px\" \/><img loading=\"lazy\" decoding=\"async\" class=\"alignnone wp-image-1399\" src=\"http:\/\/www.archeovirtual.it\/wp-content\/uploads\/2023\/10\/Archeovirtual23_Immagineiinformatica-300x225.jpg\" alt=\"\" width=\"173\" height=\"130\" srcset=\"http:\/\/www.archeovirtual.it\/wp-content\/uploads\/2023\/10\/Archeovirtual23_Immagineiinformatica-300x225.jpg 300w, http:\/\/www.archeovirtual.it\/wp-content\/uploads\/2023\/10\/Archeovirtual23_Immagineiinformatica-768x576.jpg 768w, http:\/\/www.archeovirtual.it\/wp-content\/uploads\/2023\/10\/Archeovirtual23_Immagineiinformatica.jpg 1024w, http:\/\/www.archeovirtual.it\/wp-content\/uploads\/2023\/10\/Archeovirtual23_Immagineiinformatica-940x705.jpg 940w, http:\/\/www.archeovirtual.it\/wp-content\/uploads\/2023\/10\/Archeovirtual23_Immagineiinformatica-533x400.jpg 533w\" sizes=\"auto, (max-width: 173px) 100vw, 173px\" \/><img loading=\"lazy\" decoding=\"async\" class=\"alignnone wp-image-1400 \" src=\"http:\/\/www.archeovirtual.it\/wp-content\/uploads\/2023\/10\/Archeovirtual23_Codex-e1698324169115-300x233.jpg\" alt=\"\" width=\"167\" height=\"130\" srcset=\"http:\/\/www.archeovirtual.it\/wp-content\/uploads\/2023\/10\/Archeovirtual23_Codex-e1698324169115-300x233.jpg 300w, http:\/\/www.archeovirtual.it\/wp-content\/uploads\/2023\/10\/Archeovirtual23_Codex-e1698324169115-768x597.jpg 768w, http:\/\/www.archeovirtual.it\/wp-content\/uploads\/2023\/10\/Archeovirtual23_Codex-e1698324169115-515x400.jpg 515w, http:\/\/www.archeovirtual.it\/wp-content\/uploads\/2023\/10\/Archeovirtual23_Codex-e1698324169115.jpg 914w\" sizes=\"auto, (max-width: 167px) 100vw, 167px\" \/><img loading=\"lazy\" decoding=\"async\" class=\"alignnone wp-image-1401\" src=\"http:\/\/www.archeovirtual.it\/wp-content\/uploads\/2023\/10\/Archeovirtual23_ImmersiveAntarticta-300x176.jpg\" alt=\"\" width=\"222\" height=\"130\" srcset=\"http:\/\/www.archeovirtual.it\/wp-content\/uploads\/2023\/10\/Archeovirtual23_ImmersiveAntarticta-300x176.jpg 300w, http:\/\/www.archeovirtual.it\/wp-content\/uploads\/2023\/10\/Archeovirtual23_ImmersiveAntarticta-768x450.jpg 768w, http:\/\/www.archeovirtual.it\/wp-content\/uploads\/2023\/10\/Archeovirtual23_ImmersiveAntarticta-1024x600.jpg 1024w, http:\/\/www.archeovirtual.it\/wp-content\/uploads\/2023\/10\/Archeovirtual23_ImmersiveAntarticta-940x551.jpg 940w, http:\/\/www.archeovirtual.it\/wp-content\/uploads\/2023\/10\/Archeovirtual23_ImmersiveAntarticta-683x400.jpg 683w, http:\/\/www.archeovirtual.it\/wp-content\/uploads\/2023\/10\/Archeovirtual23_ImmersiveAntarticta.jpg 1844w\" sizes=\"auto, (max-width: 222px) 100vw, 222px\" \/><\/p>\n<p><span style=\"font-family: verdana, geneva, sans-serif; font-size: 18pt;\">Interactive Section<\/span><\/p>\n<ol>\n<li><span style=\"font-family: verdana, geneva, sans-serif; font-size: 14pt; color: #000000;\"><b>TANGENT <\/b>(Collettivo Digitale)<\/span><\/li>\n<\/ol>\n<p><span style=\"font-family: verdana, geneva, sans-serif; font-size: 14pt; color: #000000;\"><span lang=\"en-US\"><i>Tangent<\/i><\/span><span lang=\"en-US\"> is the multisensory solution designed to enrich the user experience of all visitors. It allows people with visual or hearing disabilities to have full access to finds, artifacts and architectural reconstructions thanks to a tactile interface and custom-made multimedia content. It can be enjoyed into museums, exhibitions or training itineraries, stimulating inclusion and full accessibility.<\/span><\/span><\/p>\n<p><span style=\"font-family: verdana, geneva, sans-serif; font-size: 14pt; color: #000000;\"><span lang=\"en-US\"><i>Tangent<\/i><\/span><span lang=\"en-US\"> invites users to interact with original three-dimensional objects or 3D printed reproductions. Interaction with the narrative contents occurs via sensors, buttons and sensory paths on the tangible interface, guiding blind users towards the active areas. The multimedia narrations are accompanied by subtitles and sign language to facilitate access for deaf people. Special tactile and Braille legends provide useful information at the user station, such as the types of materials of the objects and the reproduction scale.<\/span><\/span><\/p>\n<ol start=\"2\">\n<li><span style=\"font-family: verdana, geneva, sans-serif; font-size: 14pt; color: #000000;\"><b>TORRE GUEVARA VR Experience <\/b>(Provincia di Potenza, Comune di Potenza, Effenove srls)<\/span><\/li>\n<\/ol>\n<p><span style=\"font-family: verdana, geneva, sans-serif; font-size: 14pt; color: #000000;\"><span lang=\"en-US\"><i>Torre Guevara VR Experience<\/i><\/span><span lang=\"en-US\"> is a journey in a &#8220;chrono-air balloon&#8221;, a hot air balloon capable of flying back in time, which tells us the history and evolution of the early medieval Tower of Potenza, seat of the powerful Aragonese family in the historic center of the city, from 1621 onwards. Produced in Virtual Reality using Meta Quest 3 and created to work with high-performance PC graphics, the project also offers the possibility of learning about the ancient buildings of the place through Augmented Reality.<\/span><\/span><\/p>\n<ol start=\"3\">\n<li><span style=\"font-family: verdana, geneva, sans-serif; font-size: 14pt; color: #000000;\"><b>BRANCACCI POV <\/b>(Comune di Firenze, CNR ISPC)<\/span><\/li>\n<\/ol>\n<p><span style=\"font-family: verdana, geneva, sans-serif; font-size: 14pt; color: #000000;\"><span lang=\"en-US\"><i>Brancacci POV<\/i><\/span><span lang=\"en-US\"> is a research prototype, based on the Aton open source framework of the CNR ISPC, and was developed for the Municipality of Florence as part of the Brancacci Project, coordinated by CNR ISPC, with the collaboration of the Opificio delle Pietre Dure, the Superintendency of Archaeology, Fine Arts and Landscape for the Metropolitan City of Florence and the provinces of Pistoia and Prato and thanks to the funding of Friends of Florence and Jay Pritzker Foundation. <\/span><\/span><\/p>\n<p><span style=\"color: #000000; font-family: verdana, geneva, sans-serif; font-size: 14pt;\"><span lang=\"en-US\">The visitor, wearing a visor, will be transported to the heart of Florence, inside the Brancacci Chapel, in the church of Santa Maria del Carmine, jewel of the Florentine Renaissance, and will be able to explore it to discover the stories hidden behind the frescoes painted by Masaccio, Masolino and Filippino Lippi.<\/span><\/span><\/p>\n<ol start=\"4\">\n<li><span style=\"font-family: verdana, geneva, sans-serif; font-size: 14pt; color: #000000;\"><b>ARKAEVISION HISTORY: La Reggia di Caserta <\/b>(Digitalcomoedia Srl, CNR ISPC, Parchi Archeologici di Paestum e Velia e Reggia di Caserta)<\/span><\/li>\n<\/ol>\n<p><span style=\"font-family: verdana, geneva, sans-serif; font-size: 14pt; color: #000000;\"><span lang=\"en-US\"><i>Arkaevision History<\/i><\/span><span lang=\"en-US\"> is the declination of the <\/span><span lang=\"en-US\"><i>Arkaevision<\/i><\/span><span lang=\"en-US\">* platform dedicated to the representation of historical events and the stories connected to them, paying attention to the digital creation of historical characters, with particular emphasis on realism and their distinctive features, combining a mode of passive use of the contents, typical of documentaries, to a new and more engaging immersion in history.<\/span><\/span><\/p>\n<p><span style=\"font-family: verdana, geneva, sans-serif; font-size: 14pt; color: #000000;\"><span lang=\"en-US\"><i>Arkaevision History: Royal Palace of Caserta<\/i><\/span><span lang=\"en-US\"> is an experiential path made up of four activities linked to some of the major points of interest present in the Gardens of the Royal Palace of Caserta. These experiences are designed to be enjoyed sequentially during a guided tour, helping the public connect with the history of the monument they are visiting.<\/span><\/span><\/p>\n<p><span style=\"font-family: verdana, geneva, sans-serif; font-size: 14pt; color: #000000;\"><span lang=\"en-US\">* <\/span><span lang=\"en-US\"><i>Arkaevision<\/i><\/span><span lang=\"en-US\"> is an integrated digital platform with different ways of enjoying Cultural Heritage, an augmented experience that does not replace but supplements classic enjoyment, that uses innovative enabling technologies such as Virtual and Mixed Reality. The development of the platform was completed thanks to dialogue with research bodies such as the CNR ISPC, and major cultural attractors such as the Archaeological Park of Paestum and the Royal Palace of Caserta.<\/span><\/span><\/p>\n<ol start=\"5\">\n<li><span style=\"font-family: verdana, geneva, sans-serif; font-size: 14pt; color: #000000;\"><b>ESPERIENZA IMMERSIVA NEI PAPIRI DI ERCOLANO <\/b>(Universit\u00e0 di Pisa, Biblioteca Nazionale di Napoli \u201cVittorio Emanuele III\u201d, CNR ISPC)<\/span><\/li>\n<\/ol>\n<p><span style=\"font-family: verdana, geneva, sans-serif; font-size: 14pt; color: #000000;\"><span lang=\"en-US\">In the Villa dei Papiri in Herculaneum, dating back to the 1st century BC, numerous writings of Greek philosophers were inscribed in papyrus rolls, preserved to our days by carbonization thanks to the eruption of Vesuvius in 79 AD. The papyri, stored in the National Library &#8216;Vittorio Emanuele III&#8217; of Naples, were exhibited for approximately 270 years from their discovery, which occurred between 1752 and 1754, to the decay of time. The EU <\/span><span lang=\"en-US\"><i>Greekschools<\/i><\/span><span lang=\"en-US\"> project aims to address this problem by producing open collections of digital images of the papyri obtained with advanced techniques, making them accessible online through a new open-source web platform, with a single flexible and user-friendly interface and advanced search capabilities.<\/span><\/span><\/p>\n<p><span style=\"color: #000000; font-family: verdana, geneva, sans-serif; font-size: 14pt;\"><span lang=\"en-US\">At ArcheoVirtual 2024, the papyri can be explored through the latest generation 360\u00b0 viewers which reproduce for spectators the specific way in which papyrologists study them, during reading and autopsy transcription. The visitor to ArcheoVirtual will therefore be able to move among the letters written by ancient philosophers and the folds of carbonized papyrus, in a unique experience open to the general public for the first time.<\/span><\/span><\/p>\n<ol start=\"6\">\n<li><span style=\"font-family: verdana, geneva, sans-serif; font-size: 14pt; color: #000000;\"><b>BRAINFRIEND <\/b>(iinformatica srl)<\/span><\/li>\n<\/ol>\n<p><span style=\"font-family: verdana, geneva, sans-serif; font-size: 14pt; color: #000000;\"><span lang=\"en-US\"><i>Brainfriend<\/i><\/span><span lang=\"en-US\"> is an innovative system based on Artificial Intelligence to tell contents to users following the language of accessibility. Thanks to the use of generative Artificial Intelligence, it is therefore possible to facilitate the use of contents according to one&#8217;s age (child\/adult) and cultural level.<\/span><\/span><\/p>\n<p><span style=\"font-family: verdana, geneva, sans-serif; font-size: 14pt; color: #000000;\"><span lang=\"en-US\"><i>Brainfriend<\/i><\/span><span lang=\"en-US\"> lends itself to the understanding of journalistic, scientific and especially Digital Heritage content. In fact, each work of art is narrated in an accessible and personalized way. With <\/span><span lang=\"en-US\"><i>Brainfriend<\/i><\/span><span lang=\"en-US\">, starting from the single work it is also possible to discover information regarding the artist, the historical context, the possible date and place of discovery and other curiosities. This module is also integrated into scenarios of use of content in Virtual Reality and in the Realverse: the metaverse of sustainability.<\/span><\/span><\/p>\n<ol start=\"7\">\n<li><span style=\"font-family: verdana, geneva, sans-serif; font-size: 14pt; color: #000000;\"><b>VIRTE &#8211; Virtual Extended Experiences <\/b>(Direzione Regionale Musei Piemonte &#8211; Soprintendenza; NoREAL interactive srl)<\/span><\/li>\n<\/ol>\n<p><span style=\"font-family: verdana, geneva, sans-serif; font-size: 14pt; color: #000000;\"><span lang=\"en-US\"><i>VIRTE &#8220;Virtual Extended Experiences&#8221;<\/i><\/span><span lang=\"en-US\"> is a brand new &#8220;Extended Reality Web-Based&#8221; (Web-XR) content generation platform that allows you to generate immersive experiences in Augmented and Virtual Reality: engaging experiences, full of multimedia content of all kinds and with the highest degree of interactivity possible via the web today. It&#8217;s easy, therefore effective. It is powerful and inclusive. <\/span><span lang=\"en-US\"><i>VIRTE<\/i><\/span><span lang=\"en-US\"> is not an App, so you don&#8217;t need to install anything. You frame a QR-Code, point your smartphone and start to explore the surrounding reality, via the browser used for the web: 3D reconstructions, interactive objects, texts, music, animated graphics, traditional and 360\u00b0 videos, avatar-guides, maps, gallery of images and links to in-depth content. You can insert all kinds of multimedia assets to offer a cultural experience designed in breadth and depth, according to the target users you want, with standard and inclusive layouts. You can also connect <\/span><span lang=\"en-US\"><i>VIRTE<\/i><\/span><span lang=\"en-US\"> to Google Analytics to monitor user usage in an extremely in-depth way.<\/span><\/span><\/p>\n<p><span style=\"font-family: verdana, geneva, sans-serif; font-size: 14pt; color: #000000;\"><span lang=\"en-US\"><i>VIRTE<\/i><\/span><span lang=\"en-US\"> has already been exploited to generate experiences for the archaeological sites of Augusta Bagiennorum and Industria (CN), Palazzina di Caccia di Stupinigi (TO), S. Imbenia (SS).<\/span><\/span><\/p>\n<p>&nbsp;<\/p>\n<p><span style=\"color: #000000;\"><span style=\"font-family: Calibri, serif;\"><span style=\"font-size: small;\"><b><span style=\"font-family: verdana, geneva, sans-serif; font-size: 18pt;\">Video Section<\/span><\/b><\/span><\/span><\/span><\/p>\n<ol>\n<li><span style=\"font-family: verdana, geneva, sans-serif; font-size: 14pt; color: #000000;\"><span lang=\"en-US\"><i><b>From History to Virtual Reality: Reconstructing the \u201cAuto de F\u00e9 of Mani\u201d (1562)<\/b><\/i><\/span><span lang=\"en-US\"><b>. <\/b><\/span>(Universidad Anahuac Merida, Missouri State University, Universidad Complutense de Madrid, CNR ISPC, Pr\u00e6teritas Urbes, LLC &#8211; Museo Regional de Palacio Cant\u00f3n &#8211; INAH)<\/span><\/li>\n<\/ol>\n<p><span style=\"color: #000000; font-family: verdana, geneva, sans-serif; font-size: 14pt;\"><span lang=\"en-US\">A dramatically significant event in the colonial history of the Maya region: the Auto de Fe of Man\u00ed, on July 12, 1562. This video shows the results of the reconstruction of the landscape, including the architectural complex of the former convent of St. Michael the Archangel in Man\u00ed, with historical characters and settings.<\/span><\/span><\/p>\n<ol start=\"2\">\n<li><span style=\"font-family: verdana, geneva, sans-serif; font-size: 14pt; color: #000000;\"><i><b>e-Archeo <\/b><\/i>(Dipartimento di Storia, Disegno e Restauro dell\u2019Architettura Sapienza Universit\u00e0 di Roma; Dipartimento di Ricerca e Innovazione Umanistica Universit\u00e0 degli Studi di Bari \u201cA. Moro\u201d; Dipartimento di Storia Culture Civilt\u00e0 Universit\u00e0 di Bologna; Dipartimento di Lettere e Beni Culturali Universit\u00e0 della Campania \u201cL. Vanvitelli\u201d; Dipartimento di Studi Umanistici Universit\u00e0 degli Studi di Foggia; Dipartimento di Studi Umanistici Universit\u00e0 degli Studi di Napoli \u201cFederico II\u201d; Dipartimento dei Beni Culturali: archeologia, storia dell\u2019arte, del cinema e della musica Universit\u00e0 degli Studi di Padova; Dipartimento di Scienze Umanistiche, della Comunicazione e del Turismo Universit\u00e0 degli Studi della Tuscia; Dipartimento di Culture e Civilt\u00e0 Universit\u00e0 di Verona; Scuola Archeologica Italiana di Atene, CNR ISPC)<\/span><\/li>\n<\/ol>\n<p><span style=\"font-family: verdana, geneva, sans-serif; font-size: 14pt; color: #000000;\"><span lang=\"en-US\">The <\/span><span lang=\"en-US\"><i>e-Archeo<\/i><\/span><span lang=\"en-US\"> project offers a way of reading and digitally valorising 8 archaeological sites distributed throughout the national territory, the result of the presence of different populations and cultures, Etruscan, Greek, Phoenician-Punic, indigenous and Roman: A demo-video is proposed which explains the project and shows a preview of its outputs.<\/span><\/span><\/p>\n<ol start=\"3\">\n<li><span style=\"font-family: verdana, geneva, sans-serif; font-size: 14pt; color: #000000;\"><i><b>Foro Emiliano Project <\/b><\/i>(Soprintendenza Archeologia, Belle Arti e Paesaggio per le Province di Frosinone, Latina e Rieti, CNR ISPC)<\/span><\/li>\n<\/ol>\n<p><span style=\"font-family: verdana, geneva, sans-serif; font-size: 14pt; color: #000000;\"><span lang=\"en-US\">The <\/span><span lang=\"en-US\"><i>Foro Emiliano Project<\/i><\/span><span lang=\"en-US\"> is aimed at the virtual reconstruction of the Roman archaeological area in the heart of Terracina. The video, in addition to the vision of the theater and the surrounding areas in the classical era, offers an overview of the entire Lazio town and the relevant technologies used.<\/span><\/span><\/p>\n<ol start=\"4\">\n<li><span style=\"font-family: verdana, geneva, sans-serif; font-size: 14pt; color: #000000;\"><i><b>Il Mito di Diana e Atteone <\/b><\/i>(Digital Comoedia, CNR ISPC, Parchi Archeologici di Paestum e Velia e Reggia di Caserta)<\/span><\/li>\n<\/ol>\n<p><span style=\"color: #000000; font-family: verdana, geneva, sans-serif; font-size: 14pt;\"><span lang=\"en-US\">The legend comes to life in a Digital Fiction that traces the story of the goddess Diana and the young Actaeon and the &#8220;making of&#8221; of the multimedia project.<\/span><\/span><\/p>\n<ol start=\"5\">\n<li><span style=\"font-family: verdana, geneva, sans-serif; font-size: 14pt; color: #000000;\"><i><b>Visit Palmanova, the extended city <\/b><\/i>(Metaheritage srl, UNESCO, Regione Autonoma Friuli-Venezia Giulia, I Borghi pi\u00f9 Belli d\u2019Italia, Comune di Palmanova (UD)<\/span><\/li>\n<\/ol>\n<p><span style=\"color: #000000; font-family: verdana, geneva, sans-serif; font-size: 14pt;\"><span lang=\"en-US\">The video summarizes the multi-channel system created within the Palmanova visitor center, which allows you to visit the city from a single place and dialogue with virtual narrators to delve deeper into some issues related to the creation of the city of Palmanova. The itinerary ends with a journey through time with virtual reality, an immersive mode that allows you to visit the bastions and fortifications through 360\u00b0 and stereoscopic videos in extended reality, which recreate civil military life in the 1600s. The videos can be accessed via QR code inserted in the city webapp.<\/span><\/span><\/p>\n<p style=\"text-align: justify;\">\n","protected":false},"excerpt":{"rendered":"<p>&nbsp; The ArcheoVirtual Exhibition is divided into two parts: an audiovisual section, in which videos relating to projects of particular originality, innovation and importance are projected; and a section dedicated to interactive applications, where the&hellip; <a href=\"http:\/\/www.archeovirtual.it\/index.php\/en\/exhibition-2\/\">More<\/a><\/p>\n","protected":false},"author":3,"featured_media":0,"parent":0,"menu_order":0,"comment_status":"closed","ping_status":"closed","template":"","meta":{"footnotes":""},"class_list":["post-1513","page","type-page","status-publish","hentry"],"_links":{"self":[{"href":"http:\/\/www.archeovirtual.it\/index.php\/wp-json\/wp\/v2\/pages\/1513","targetHints":{"allow":["GET"]}}],"collection":[{"href":"http:\/\/www.archeovirtual.it\/index.php\/wp-json\/wp\/v2\/pages"}],"about":[{"href":"http:\/\/www.archeovirtual.it\/index.php\/wp-json\/wp\/v2\/types\/page"}],"author":[{"embeddable":true,"href":"http:\/\/www.archeovirtual.it\/index.php\/wp-json\/wp\/v2\/users\/3"}],"replies":[{"embeddable":true,"href":"http:\/\/www.archeovirtual.it\/index.php\/wp-json\/wp\/v2\/comments?post=1513"}],"version-history":[{"count":8,"href":"http:\/\/www.archeovirtual.it\/index.php\/wp-json\/wp\/v2\/pages\/1513\/revisions"}],"predecessor-version":[{"id":1649,"href":"http:\/\/www.archeovirtual.it\/index.php\/wp-json\/wp\/v2\/pages\/1513\/revisions\/1649"}],"wp:attachment":[{"href":"http:\/\/www.archeovirtual.it\/index.php\/wp-json\/wp\/v2\/media?parent=1513"}],"curies":[{"name":"wp","href":"https:\/\/api.w.org\/{rel}","templated":true}]}}