{"id":143,"date":"2016-10-17T10:49:45","date_gmt":"2016-10-17T10:49:45","guid":{"rendered":"http:\/\/www.archeovirtual.it\/?page_id=143"},"modified":"2017-10-23T12:31:41","modified_gmt":"2017-10-23T12:31:41","slug":"ch3d","status":"publish","type":"page","link":"http:\/\/www.archeovirtual.it\/index.php\/expo2016\/ch3d\/","title":{"rendered":"\u00c7H3D"},"content":{"rendered":"<p><img loading=\"lazy\" decoding=\"async\" class=\"aligncenter wp-image-141\" src=\"http:\/\/www.archeovirtual.it\/wp-content\/uploads\/2016\/10\/CH3D_img_pannello_web-1024x683.jpg\" alt=\"ch3d_img_pannello_web\" width=\"450\" height=\"300\" srcset=\"http:\/\/www.archeovirtual.it\/wp-content\/uploads\/2016\/10\/CH3D_img_pannello_web-1024x683.jpg 1024w, http:\/\/www.archeovirtual.it\/wp-content\/uploads\/2016\/10\/CH3D_img_pannello_web-300x200.jpg 300w, http:\/\/www.archeovirtual.it\/wp-content\/uploads\/2016\/10\/CH3D_img_pannello_web-768x512.jpg 768w, http:\/\/www.archeovirtual.it\/wp-content\/uploads\/2016\/10\/CH3D_img_pannello_web-1200x800.jpg 1200w\" sizes=\"auto, (max-width: 450px) 100vw, 450px\" \/><\/p>\n<p style=\"text-align: justify;\"><img loading=\"lazy\" decoding=\"async\" class=\"alignleft size-full wp-image-47\" src=\"http:\/\/www.archeovirtual.it\/wp-content\/uploads\/2016\/09\/it.jpg\" alt=\"it\" width=\"32\" height=\"21\" \/>Il progetto \u00c7H3D si basa su una ricostruzione 3D del sito Neolitico di \u00c7atalh\u00f6y\u00fck in Turchia e del contesto geografico in cui \u00e8 inserito. Dell\u2019edificio 39, situato nel settore nord, si \u00e8 ricostruito in ogni suo parte anche l\u2019interno; sono stati modellati gli oggetti della vita quotidiana, come ceste, oggetti di ceramica, utensili in pietra, piccole statuine, stuoie, borse in pelle, ecc. La vita di ogni giorno \u00e8 rappresentata attraverso una serie di scene compresi anche persone ed animali, impegnati in diverse attivit\u00e0. Si pu\u00f2 accedere ad informazioni testuali, contenute all\u2019interno di finestre che compaiono nel paesaggio. Obiettivo \u00e8 quello di fornire linee guida per la progettazione e la valutazione di ambienti virtuali, il cui scopo \u00e8 quello di migliorare la comprensione e la fruizione del Patrimonio Culturale. Nel dettaglio, si vorrebbe testare se si ottiene una migliore comprensione del sito oggetto di studio, attraverso una ricostruzione che non sia semplicemente architettonica, ma che faccia vivere anche il paesaggio popolandolo con oggetti e personaggi, che si muovono ed agiscono all\u2019interno della ricostruzione.<\/p>\n<p style=\"text-align: justify;\"><img loading=\"lazy\" decoding=\"async\" class=\"alignleft size-full wp-image-48\" src=\"http:\/\/www.archeovirtual.it\/wp-content\/uploads\/2016\/09\/en.jpg\" alt=\"en\" width=\"32\" height=\"21\" \/>The \u00c7H3D experience is based on a 3D model of the Neolithic settlement of \u00c7atalh\u00f6y\u00fck in Turkey and the natural environment surrounding it. The interior of Building 49 in the North Shelter has been also fully reconstructed. Material culture is represented through an array of 3D-modelled objects, (e.g. baskets, pottery, stone tools, figurines, mats, leather bags, etc). Daily life is represented through a series of scenes including animals and human characters performing different tasks. One condition also contains floating message boxes displaying textual information. The goal is to provide empirically tested design and evaluation guidelines for virtual environments that aim at enhancing understanding, relevance and enjoyment of Cultural Heritage. More specifically, it wanted to test if an enhanced feeling of Cultural Presence, that is, of \u201cbeing then and there\u201d (generated in different versions by introducing successively objects, text, characters, scenes and narrations), obtained better results in comparison with an architectural reconstruction of the site.<\/p>\n<p style=\"text-align: justify;\"><b>Istituzioni Coinvolte<\/b>: <a href=\"http:\/\/www.ime.gr\/fhw\/index.php?lg=2\">Foundation of the Hellenic World<\/a>; <a href=\"https:\/\/www.upf.edu\/en\/\">Universitat Pompeu Fabra<\/a>; The University of York; <a href=\"http:\/\/www.catalhoyuk.com\/\">\u00c7atalh\u00f6y\u00fck Research Project<\/a> (University of Stanford); CEV: Escuela Superior de Comunicaci\u00f3n, Imagen y Sonido; <a href=\"https:\/\/www.upf.edu\/leap\/actualitat\/20150907.html\">Progetto LEAP<\/a><\/p>\n","protected":false},"excerpt":{"rendered":"<p>Il progetto \u00c7H3D si basa su una ricostruzione 3D del sito Neolitico di \u00c7atalh\u00f6y\u00fck in Turchia e del contesto geografico in cui \u00e8 inserito. Dell\u2019edificio 39, situato nel settore nord, si \u00e8 ricostruito in ogni&hellip; <a href=\"http:\/\/www.archeovirtual.it\/index.php\/expo2016\/ch3d\/\">More<\/a><\/p>\n","protected":false},"author":1,"featured_media":0,"parent":26,"menu_order":0,"comment_status":"closed","ping_status":"closed","template":"","meta":{"footnotes":""},"class_list":["post-143","page","type-page","status-publish","hentry"],"_links":{"self":[{"href":"http:\/\/www.archeovirtual.it\/index.php\/wp-json\/wp\/v2\/pages\/143","targetHints":{"allow":["GET"]}}],"collection":[{"href":"http:\/\/www.archeovirtual.it\/index.php\/wp-json\/wp\/v2\/pages"}],"about":[{"href":"http:\/\/www.archeovirtual.it\/index.php\/wp-json\/wp\/v2\/types\/page"}],"author":[{"embeddable":true,"href":"http:\/\/www.archeovirtual.it\/index.php\/wp-json\/wp\/v2\/users\/1"}],"replies":[{"embeddable":true,"href":"http:\/\/www.archeovirtual.it\/index.php\/wp-json\/wp\/v2\/comments?post=143"}],"version-history":[{"count":2,"href":"http:\/\/www.archeovirtual.it\/index.php\/wp-json\/wp\/v2\/pages\/143\/revisions"}],"predecessor-version":[{"id":145,"href":"http:\/\/www.archeovirtual.it\/index.php\/wp-json\/wp\/v2\/pages\/143\/revisions\/145"}],"up":[{"embeddable":true,"href":"http:\/\/www.archeovirtual.it\/index.php\/wp-json\/wp\/v2\/pages\/26"}],"wp:attachment":[{"href":"http:\/\/www.archeovirtual.it\/index.php\/wp-json\/wp\/v2\/media?parent=143"}],"curies":[{"name":"wp","href":"https:\/\/api.w.org\/{rel}","templated":true}]}}