{"id":1418,"date":"2024-06-09T17:54:08","date_gmt":"2024-06-09T17:54:08","guid":{"rendered":"http:\/\/www.archeovirtual.it\/?page_id=1418"},"modified":"2025-11-11T12:12:09","modified_gmt":"2025-11-11T12:12:09","slug":"la_mostra_pp24","status":"publish","type":"page","link":"http:\/\/www.archeovirtual.it\/index.php\/la_mostra_pp24\/","title":{"rendered":"la Mostra"},"content":{"rendered":"<p><span style=\"font-family: verdana, geneva, sans-serif; font-size: 12pt;\"><strong>ArcheoVirtual<\/strong> \u00e8 la mostra dedicata alle <em>applicazioni interattive<\/em>, aprendoci lo sguardo sulle pi\u00f9 recenti <em>iniziative digitali per il patrimonio culturale<\/em>. Qui il pubblico \u00e8 chiamato ad interagire in prima persona con le tecnologie e i contenuti multimediali.\u00a0<\/span><\/p>\n<p><span style=\"font-family: verdana, geneva, sans-serif; font-size: 12pt;\">Questo l&#8217;elenco delle applicazioni selezionate che saranno presenti alla mostra di quest&#8217;anno sulle \u201c<strong>Applicazioni digitali e turismo culturale<\/strong>\u201d, come sempre all&#8217;interno dell&#8217;evento<br \/>\n<\/span><span style=\"font-family: verdana, geneva, sans-serif; font-size: 12pt;\"><a href=\"https:\/\/www.borsaturismoarcheologico.it\/\"><b>Borsa Mediterranea del Turismo Archeologico<\/b><\/a>, al Next &#8211; ex Tabacchificio in Paestum:<\/span><\/p>\n<p><span style=\"font-family: verdana, geneva, sans-serif; font-size: 12pt;\">*<strong>ARVO &#8211; ARcheoVoice<\/strong> (Antes Archeologia &amp; partners)<br \/>\n<\/span><span style=\"font-family: verdana, geneva, sans-serif; font-size: 12pt;\">Arvo \u00e8 uno strumento innovativo di valorizzazione del patrimonio culturale, applicabile sia a un singolo museo sia a un intero territorio. Grazie all\u2019uso dell\u2019Intelligenza Artificiale Generativa, offre un\u2019esperienza immersiva e coinvolgente che guida i visitatori alla scoperta di musei, gallerie d\u2019arte e reperti parlanti con descrizioni, racconti ed enigmi. <\/span><\/p>\n<p><span style=\"font-family: verdana, geneva, sans-serif; font-size: 12pt;\">* <strong>Coralvision<\/strong> (iinformatica &amp; partners)<br \/>\nCoralvision \u00e8 un sistema all&#8217;avanguardia per la valorizzazione turistica che integra un modulo di analisi dati utile per il monitoraggio e la gestione dell\u2019overtourism. Il progetto \u00e8 cofinanziato dal MUR nell\u2019ambito del bando CREST del Partenariato CHANGES, coordinato dall\u2019Universit\u00e0 Ca\u2019 Foscari di Venezia.<\/span><\/p>\n<p><span style=\"font-family: verdana, geneva, sans-serif; font-size: 12pt;\">* <strong>Creator Hub<\/strong> (L\u2019abcd edutainment, CNR ISPC per CTE Napoli \u201cInfiniti Mondi\u201d, CUP B67F23000000008)<br \/>\nL&#8217;applicazione propone la fruizione interattiva di contenuti e modelli 3D complessi di diversi beni culturali, tra cui architetture e reperti archeologici. L\u2019esperienza, grazie alla tecnologia immersiva adottata, offre nuove modalit\u00e0 di valorizzazione e accessibilit\u00e0 del patrimonio.<\/span><\/p>\n<p><span style=\"font-family: verdana, geneva, sans-serif; font-size: 12pt;\">* <strong>GreekSchools: I papiri di Ercolano tra visibile e invisibile <\/strong>(GreekSchools ERC Project)<br \/>\nL\u2019applicazione rende possibile la visualizzazione e interazione dei preziosi papiri carbonizzati di Ercolano, unica testimonianza di biblioteca antica. Grazie ad un framework open-source, i papiri saranno accessibili tramite un comune browser e fruibili da desktop, mobile e visori (HMD).<\/span><\/p>\n<p><span style=\"font-family: verdana, geneva, sans-serif; font-size: 12pt;\">*<strong>Perceive Isis&#8217; Colours<\/strong> (Perceive project)<br \/>\nUn\u2019installazione ibrida che affronta il tema della policromia perduta nella statuaria antica attraverso un percorso esperienziale e partecipativo incentrato sul complesso del Tempio di Iside a Pompei.<\/span><\/p>\n<p><span style=\"font-family: verdana, geneva, sans-serif; font-size: 12pt;\">* <strong>Il futuro della memoria. Il Museo del Terremoto di Messina del 1908<\/strong> (ArtGlass)<br \/>\nAttraverso immagini proiettate, suoni e ambientazioni interattive, Messina riemerge come microcosmo narrativo, restituendo al presente frammenti di memoria che rischiavano di restare muti. Completano l&#8217;esperienza dei percorsi di visita guidata in Realt\u00e0 Aumentata con smartglass multimediali. <\/span><\/p>\n<p><span style=\"font-family: verdana, geneva, sans-serif; font-size: 12pt;\">Oltre a questi progetti, sar\u00e0 presente la &#8216;<strong>Vetrina DHILab<\/strong>&#8216;, uno spazio dedicato ad alcuni nuovi progetti di applicazioni virtuali e interattive <span class=\"a_GcMg font-feature-liga-off font-feature-clig-off font-feature-calt-off text-decoration-none text-strikethrough-none\">del <a href=\"https:\/\/www.ispc.cnr.it\/it_it\/2021\/06\/16\/dhilab-digital-heritage-innovation-lab\/\">DHiLab<\/a> &#8211; Digital Heritage Innovation Lab dell\u2019Istituto di Scienze del Patrimonio Culturale del CNR.<\/span><\/span><\/p>\n","protected":false},"excerpt":{"rendered":"<p>ArcheoVirtual \u00e8 la mostra dedicata alle applicazioni interattive, aprendoci lo sguardo sulle pi\u00f9 recenti iniziative digitali per il patrimonio culturale. Qui il pubblico \u00e8 chiamato ad interagire in prima persona con le tecnologie e i&hellip; <a href=\"http:\/\/www.archeovirtual.it\/index.php\/la_mostra_pp24\/\">More<\/a><\/p>\n","protected":false},"author":3,"featured_media":0,"parent":0,"menu_order":0,"comment_status":"closed","ping_status":"closed","template":"","meta":{"footnotes":""},"class_list":["post-1418","page","type-page","status-publish","hentry"],"_links":{"self":[{"href":"http:\/\/www.archeovirtual.it\/index.php\/wp-json\/wp\/v2\/pages\/1418","targetHints":{"allow":["GET"]}}],"collection":[{"href":"http:\/\/www.archeovirtual.it\/index.php\/wp-json\/wp\/v2\/pages"}],"about":[{"href":"http:\/\/www.archeovirtual.it\/index.php\/wp-json\/wp\/v2\/types\/page"}],"author":[{"embeddable":true,"href":"http:\/\/www.archeovirtual.it\/index.php\/wp-json\/wp\/v2\/users\/3"}],"replies":[{"embeddable":true,"href":"http:\/\/www.archeovirtual.it\/index.php\/wp-json\/wp\/v2\/comments?post=1418"}],"version-history":[{"count":24,"href":"http:\/\/www.archeovirtual.it\/index.php\/wp-json\/wp\/v2\/pages\/1418\/revisions"}],"predecessor-version":[{"id":1682,"href":"http:\/\/www.archeovirtual.it\/index.php\/wp-json\/wp\/v2\/pages\/1418\/revisions\/1682"}],"wp:attachment":[{"href":"http:\/\/www.archeovirtual.it\/index.php\/wp-json\/wp\/v2\/media?parent=1418"}],"curies":[{"name":"wp","href":"https:\/\/api.w.org\/{rel}","templated":true}]}}