{"id":136,"date":"2016-10-17T10:19:29","date_gmt":"2016-10-17T10:19:29","guid":{"rendered":"http:\/\/www.archeovirtual.it\/?page_id=136"},"modified":"2017-10-23T12:38:26","modified_gmt":"2017-10-23T12:38:26","slug":"forma-urbis","status":"publish","type":"page","link":"http:\/\/www.archeovirtual.it\/index.php\/expo2016\/forma-urbis\/","title":{"rendered":"Forma Urbis"},"content":{"rendered":"<p><img loading=\"lazy\" decoding=\"async\" class=\"aligncenter wp-image-135\" src=\"http:\/\/www.archeovirtual.it\/wp-content\/uploads\/2016\/10\/forma_urbis_img_pannello_ipotesi2_web-1024x682.jpg\" alt=\"forma_urbis_img_pannello_ipotesi2_web\" width=\"450\" height=\"300\" srcset=\"http:\/\/www.archeovirtual.it\/wp-content\/uploads\/2016\/10\/forma_urbis_img_pannello_ipotesi2_web-1024x682.jpg 1024w, http:\/\/www.archeovirtual.it\/wp-content\/uploads\/2016\/10\/forma_urbis_img_pannello_ipotesi2_web-300x200.jpg 300w, http:\/\/www.archeovirtual.it\/wp-content\/uploads\/2016\/10\/forma_urbis_img_pannello_ipotesi2_web-768x512.jpg 768w, http:\/\/www.archeovirtual.it\/wp-content\/uploads\/2016\/10\/forma_urbis_img_pannello_ipotesi2_web-1200x800.jpg 1200w\" sizes=\"auto, (max-width: 450px) 100vw, 450px\" \/><\/p>\n<p style=\"text-align: justify;\"><img loading=\"lazy\" decoding=\"async\" class=\"alignleft size-full wp-image-47\" src=\"http:\/\/www.archeovirtual.it\/wp-content\/uploads\/2016\/09\/it.jpg\" alt=\"it\" width=\"32\" height=\"21\" \/>&#8220;Forma Urbis&#8221; \u00e8 un&#8217;applicazione didattica su tavolo multitouch che permette di giocare ad un puzzle 3D visivo\/sonoro della citt\u00e0 romana di <i>Augusta Bagiennorum<\/i>, e di apprenderne le caratteristiche architettoniche, urbanistiche e funzionali. Durante il gioco bisogna riconoscere e collocare le varie &#8220;<i>insulae<\/i>&#8221; nel tessuto urbanistico vuoto; ad ogni &#8220;insula&#8221; corrisponde un ambiente sonoro specifico. Cos\u00ec, pezzo dopo pezzo, la citt\u00e0 si completa e si anima. Costruita la citt\u00e0 \u00e8 possibile approfondire alcune tematiche, attraverso schede informative nella quali sono riportate le fonti archeologiche utilizzate per le ricostruzioni. &#8220;Forma Urbis&#8221; \u00e8 una delle applicazioni didattiche disponibili nelle nuove sale multimediali del MAB &#8211; Museo Archeologico di Bene Vagienna, concepite per integrare ed estendere le attivit\u00e0 di archeologia sperimentale e didattica gi\u00e0 presenti nel Museo.<\/p>\n<p style=\"text-align: justify;\"><img loading=\"lazy\" decoding=\"async\" class=\"alignleft size-full wp-image-48\" src=\"http:\/\/www.archeovirtual.it\/wp-content\/uploads\/2016\/09\/en.jpg\" alt=\"en\" width=\"32\" height=\"21\" \/>Forma Urbis is an educational application on multitouch table, that allows the young users to play visual\/sound 3D puzzle of the Roman city of Augusta Bagiennorum (Bene Vagienna, Torino), and learn its architectural and monumental characteristics. During the game you have to recognize and put various insulae in the correct position in the empty urban area; \u00a0for each insula there is a specific sound environment. So, piece by piece, the city is completed and comes to life. Built the city you can analyze some contents through informational tabs, in which you can find the archaeological sources used for the reconstructions. Forma Urbis is one of the educational applications available in the new multimedia rooms of the MAB &#8211; Archaeological Museum of Bene Vagienna, developed to complete and extend the experimental archeology and teaching activities already present in the museum.<\/p>\n<p style=\"text-align: justify;\"><b>Link<\/b>: <a href=\"http:\/\/www.noreal.it\/\">http:\/\/www.noreal.it\/<br \/>\n<\/a><b>Istituzioni Coinvolte<\/b>: NoReal.it; Comune di Bene Vagienna; Soprintendenza Archeologia del Piemonte<\/p>\n","protected":false},"excerpt":{"rendered":"<p>&#8220;Forma Urbis&#8221; \u00e8 un&#8217;applicazione didattica su tavolo multitouch che permette di giocare ad un puzzle 3D visivo\/sonoro della citt\u00e0 romana di Augusta Bagiennorum, e di apprenderne le caratteristiche architettoniche, urbanistiche e funzionali. Durante il gioco&hellip; <a href=\"http:\/\/www.archeovirtual.it\/index.php\/expo2016\/forma-urbis\/\">More<\/a><\/p>\n","protected":false},"author":1,"featured_media":0,"parent":26,"menu_order":0,"comment_status":"closed","ping_status":"closed","template":"","meta":{"footnotes":""},"class_list":["post-136","page","type-page","status-publish","hentry"],"_links":{"self":[{"href":"http:\/\/www.archeovirtual.it\/index.php\/wp-json\/wp\/v2\/pages\/136","targetHints":{"allow":["GET"]}}],"collection":[{"href":"http:\/\/www.archeovirtual.it\/index.php\/wp-json\/wp\/v2\/pages"}],"about":[{"href":"http:\/\/www.archeovirtual.it\/index.php\/wp-json\/wp\/v2\/types\/page"}],"author":[{"embeddable":true,"href":"http:\/\/www.archeovirtual.it\/index.php\/wp-json\/wp\/v2\/users\/1"}],"replies":[{"embeddable":true,"href":"http:\/\/www.archeovirtual.it\/index.php\/wp-json\/wp\/v2\/comments?post=136"}],"version-history":[{"count":1,"href":"http:\/\/www.archeovirtual.it\/index.php\/wp-json\/wp\/v2\/pages\/136\/revisions"}],"predecessor-version":[{"id":138,"href":"http:\/\/www.archeovirtual.it\/index.php\/wp-json\/wp\/v2\/pages\/136\/revisions\/138"}],"up":[{"embeddable":true,"href":"http:\/\/www.archeovirtual.it\/index.php\/wp-json\/wp\/v2\/pages\/26"}],"wp:attachment":[{"href":"http:\/\/www.archeovirtual.it\/index.php\/wp-json\/wp\/v2\/media?parent=136"}],"curies":[{"name":"wp","href":"https:\/\/api.w.org\/{rel}","templated":true}]}}