{"id":124,"date":"2016-10-17T09:49:44","date_gmt":"2016-10-17T09:49:44","guid":{"rendered":"http:\/\/www.archeovirtual.it\/?page_id=124"},"modified":"2017-10-23T12:34:31","modified_gmt":"2017-10-23T12:34:31","slug":"luomo-di-vitruvio","status":"publish","type":"page","link":"http:\/\/www.archeovirtual.it\/index.php\/expo2016\/luomo-di-vitruvio\/","title":{"rendered":"L&#8217;Uomo di Vitruvio"},"content":{"rendered":"<p><img loading=\"lazy\" decoding=\"async\" class=\"aligncenter wp-image-123\" src=\"http:\/\/www.archeovirtual.it\/wp-content\/uploads\/2016\/10\/vitruvio_img_pannello-web-1024x683.jpg\" alt=\"vitruvio_img_pannello-web\" width=\"450\" height=\"300\" srcset=\"http:\/\/www.archeovirtual.it\/wp-content\/uploads\/2016\/10\/vitruvio_img_pannello-web-1024x683.jpg 1024w, http:\/\/www.archeovirtual.it\/wp-content\/uploads\/2016\/10\/vitruvio_img_pannello-web-300x200.jpg 300w, http:\/\/www.archeovirtual.it\/wp-content\/uploads\/2016\/10\/vitruvio_img_pannello-web-768x512.jpg 768w, http:\/\/www.archeovirtual.it\/wp-content\/uploads\/2016\/10\/vitruvio_img_pannello-web-1200x800.jpg 1200w\" sizes=\"auto, (max-width: 450px) 100vw, 450px\" \/><\/p>\n<p style=\"text-align: justify;\">L<img loading=\"lazy\" decoding=\"async\" class=\"alignleft size-full wp-image-47\" src=\"http:\/\/www.archeovirtual.it\/wp-content\/uploads\/2016\/09\/it.jpg\" alt=\"it\" width=\"32\" height=\"21\" \/>\u2019installazione permette di interagire con il pi\u00f9 famoso disegno di Leonardo, rendendo cos\u00ec, con soluzioni multimediali e innovative, la cultura accessibile, coinvolgente, comunicativa ed emozionante. L\u2019Uomo Vitruviano di Leonardo da Vinci, il disegno pi\u00f9 celebre al mondo, \u00e8 icona e simbolo della civilt\u00e0 occidentale, che vede in quell\u2019Uomo, che si ispira ai canoni antropometrici vitruviani dalle forme misteriose ed armoniche, la pi\u00f9 alta e perfetta rappresentazione di un canone di bellezza. Il Disegno rappresenta un corpo umano inscritto nelle figure geometriche ritenute perfette gi\u00e0 da Platone, non concentriche ma costruite in relazione tra loro secondo i modi della Sezione Aurea: il cerchio, il cui centro risulta l&#8217;ombelico, ed il quadrato, il cui centro cade all&#8217;altezza dei genitali; come questi indicano l&#8217;origine fisica, cos\u00ec l&#8217;ombelico rimanda a quella spirituale. Ed \u00e8 proprio nell\u2019idea geniale di raffigurare contemporaneamente le due potenzialit\u00e0 geometriche e le due posture della figura che l\u2019artista realizza una rappresentazione unica e armonica. La duplice postura della figura umana accentua l\u2019andamento oltremodo cinetico dell\u2019immagine, in un gioco di mutazione continua che, unito al concetto umanistico dell\u2019uomo come specchio dell\u2019universo, ne fa un simbolo di perfezione classica del corpo e della mente, umana e divina, quindi del microcosmo, riflesso del cosmo intero, in quanto tale universale.<\/p>\n<p style=\"text-align: justify;\">T<img loading=\"lazy\" decoding=\"async\" class=\"alignleft size-full wp-image-48\" src=\"http:\/\/www.archeovirtual.it\/wp-content\/uploads\/2016\/09\/en.jpg\" alt=\"en\" width=\"32\" height=\"21\" \/>he project provides visitors with a multi-sensory experience to &#8220;interact&#8221; and &#8220;react&#8221; with the most famous Leonardo\u2019s drawing. By multimedia and innovative solutions, it makes accessible, communicative and exciting the culture. The Vitruvian Man of Leonardo da Vinci is the most famous drawing in the world, icon and symbol of every culture. Inspired by the anthropometric Vitruvian rules, its mysterious and harmonic shapes are one of the highest representation of the perfect beauty. The perfect man in the drawing is a nude male figure, depicted in two superimposed positions with his arms and legs apart and simultaneously inscribed in a circle and square, indicating respectively the man spiritual and the physical origin and reflecting the Golden Section proportions. By this rules Leonardo creates a unique harmonic representation by combining the both postures The dual posture of the human body accentuates the kinetic trend of the image, embracing the humanistic concept of the man in continuous mutation and mirror of the universe. The beautifully proportioned drawing illustrates the human and divine mind perfection. A universal value that will make him immortal forever.<\/p>\n<p><b>Link<\/b>: <a href=\"https:\/\/www.youtube.com\/watch?v=NeqfqHAq8OI\">https:\/\/www.youtube.com\/watch?v=NeqfqHAq8OI<br \/>\n<\/a><b>Istituzioni coinvolte<\/b>: <a href=\"http:\/\/www.3deve.it\/it\/1\/alias\/11\/\">EVE (Enjoy Visual Experiences)<\/a>; Universit\u00e0 Politecnica Marche; <a href=\"http:\/\/www.centrostudivitruviani.org\/\">Centro Studi Vitruviani<\/a><\/p>\n","protected":false},"excerpt":{"rendered":"<p>L\u2019installazione permette di interagire con il pi\u00f9 famoso disegno di Leonardo, rendendo cos\u00ec, con soluzioni multimediali e innovative, la cultura accessibile, coinvolgente, comunicativa ed emozionante. L\u2019Uomo Vitruviano di Leonardo da Vinci, il disegno pi\u00f9 celebre&hellip; <a href=\"http:\/\/www.archeovirtual.it\/index.php\/expo2016\/luomo-di-vitruvio\/\">More<\/a><\/p>\n","protected":false},"author":1,"featured_media":0,"parent":26,"menu_order":0,"comment_status":"closed","ping_status":"closed","template":"","meta":{"footnotes":""},"class_list":["post-124","page","type-page","status-publish","hentry"],"_links":{"self":[{"href":"http:\/\/www.archeovirtual.it\/index.php\/wp-json\/wp\/v2\/pages\/124","targetHints":{"allow":["GET"]}}],"collection":[{"href":"http:\/\/www.archeovirtual.it\/index.php\/wp-json\/wp\/v2\/pages"}],"about":[{"href":"http:\/\/www.archeovirtual.it\/index.php\/wp-json\/wp\/v2\/types\/page"}],"author":[{"embeddable":true,"href":"http:\/\/www.archeovirtual.it\/index.php\/wp-json\/wp\/v2\/users\/1"}],"replies":[{"embeddable":true,"href":"http:\/\/www.archeovirtual.it\/index.php\/wp-json\/wp\/v2\/comments?post=124"}],"version-history":[{"count":3,"href":"http:\/\/www.archeovirtual.it\/index.php\/wp-json\/wp\/v2\/pages\/124\/revisions"}],"predecessor-version":[{"id":129,"href":"http:\/\/www.archeovirtual.it\/index.php\/wp-json\/wp\/v2\/pages\/124\/revisions\/129"}],"up":[{"embeddable":true,"href":"http:\/\/www.archeovirtual.it\/index.php\/wp-json\/wp\/v2\/pages\/26"}],"wp:attachment":[{"href":"http:\/\/www.archeovirtual.it\/index.php\/wp-json\/wp\/v2\/media?parent=124"}],"curies":[{"name":"wp","href":"https:\/\/api.w.org\/{rel}","templated":true}]}}